{"id":827,"date":"2025-01-14T13:33:40","date_gmt":"2025-01-14T12:33:40","guid":{"rendered":"http:\/\/dev.lebenshilfe-ohz.de.w01ed883.kasserver.com\/lebenshilfe-osterholz\/"},"modified":"2025-03-14T14:42:59","modified_gmt":"2025-03-14T13:42:59","slug":"lebenshilfe-osterholz","status":"publish","type":"page","link":"https:\/\/www.lebenshilfe-ohz.de\/leicht\/","title":{"rendered":"Lebenshilfe Osterholz"},"content":{"rendered":"<section class=\"l-section wpb_row us_custom_3188818e hide_on_default hide_on_laptops height_auto\"><div class=\"l-section-h i-cf\"><div class=\"g-cols vc_row via_flex valign_top type_default stacking_default\"><div class=\"vc_col-sm-12 wpb_column vc_column_container\"><div class=\"vc_column-inner\"><div class=\"wpb_wrapper\"><div class=\"lbh-lang-switch\"><div class=\"field-wrap\" data-href=\"https:\/\/www.lebenshilfe-ohz.de\/wp-json\/wp\/v2\/pages\/827\/\"><label for=\"lang_leicht\"><i class=\"icon icon-einfache-sprache\"><\/i>Leichte Sprache<\/label><input type=\"checkbox\" id=\"lang_leicht\" name=\"lang_leicht\" checked\/><\/div><\/div><\/div><\/div><\/div><\/div><\/div><\/section><section class=\"l-section wpb_row height_medium\"><div class=\"l-section-h i-cf\"><div class=\"g-cols vc_row via_flex valign_top type_default stacking_default\"><div class=\"vc_col-sm-12 wpb_column vc_column_container\"><div class=\"vc_column-inner\"><div class=\"wpb_wrapper\"><div class=\"wpb_text_column\"><div class=\"wpb_wrapper\"><h1>Herzlich willkommen bei der Lebenshilfe Osterholz!<\/h1>\n<p>\u2026und zwar an alle! Hier bist du genau richtig \u2013 mit allem, was dich ausmacht. Als einer der gr\u00f6\u00dften sozialen Dienstleister im Landkreis Osterholz und professioneller Tr\u00e4ger der Kinder-, Jugend- und Behindertenhilfe sind wir f\u00fcr dich da. Und f\u00fcr die Menschen, die dir nahestehen.<\/p>\n<\/div><\/div><\/div><\/div><\/div><\/div><\/div><\/section><section class=\"l-section wpb_row us_custom_4e3ce60a height_custom\"><div class=\"l-section-h i-cf\"><div class=\"g-cols vc_row via_flex valign_top type_default stacking_default\"><div class=\"vc_col-sm-12 wpb_column vc_column_container\"><div class=\"vc_column-inner\"><div class=\"wpb_wrapper\"><div class=\"wpb_text_column us_custom_bcf7e3f8\"><div class=\"wpb_wrapper\"><h2>Aktuelles:<\/h2>\n<\/div><\/div><div class=\"w-grid us_post_list type_grid layout_80 blog-tiles cols_2 preload_style_spinner\" id=\"us_post_list_h724\" style=\"--columns:2;--gap:10px;\" data-filterable=\"true\"><style>@media (max-width:600px){#us_post_list_h724{--columns:1!important}}.layout_80 .w-grid-item-h{border-radius:0.8rem}.layout_80 .usg_post_date_1{font-size:0.72rem!important;margin-bottom:0!important}.layout_80 .usg_post_content_1{font-size:0.8rem!important}.layout_80 .usg_btn_1{text-align:left!important}.layout_80 .usg_vwrapper_1{padding:32px!important}<\/style><div class=\"w-grid-list\">\t<article class=\"w-grid-item size_1x1 post-1979 post type-post status-publish format-standard hentry category-family\" data-id=\"1979\">\r\n\t\t<div class=\"w-grid-item-h\">\r\n\t\t\t\t\t\t<div class=\"w-vwrapper usg_vwrapper_1 align_none valign_justify\" style=\"--vwrapper-gap:18px\"><div class=\"w-vwrapper usg_vwrapper_2 align_none valign_top\" style=\"--vwrapper-gap:18px\"><time class=\"w-post-elm post_date usg_post_date_1 entry-date published\" datetime=\"2026-02-16T12:58:06+01:00\">16.02.26<\/time><h3 class=\"w-post-elm post_title usg_post_title_1 entry-title color_link_inherit\"><a href=\"https:\/\/www.lebenshilfe-ohz.de\/leicht\/film-ab-fuer-vielfalt\/\">Film ab f\u00fcr Vielfalt!<\/a><\/h3><div class=\"w-post-elm post_content usg_post_content_1\">Dies ist das erste Angebot von insgesamt 4 Veranstaltungen dieser Art mit unterschiedlichen Themenschwerpunkten. Interessierte k\u00f6nnen sich selbstverst\u00e4ndlich ebenfalls \u00fcber die bekannten Kontakte des Familien unterst\u00fctzenden Dienstes hierf\u00fcr anmelden. Wir&hellip;<\/div><\/div><a class=\"w-btn us-btn-style_2 usg_btn_1\" href=\"https:\/\/www.lebenshilfe-ohz.de\/leicht\/film-ab-fuer-vielfalt\/\"><span class=\"w-btn-label\">Mehr lesen<\/span><\/a><\/div>\t\t<\/div>\r\n\t\t\t<\/article>\r\n\t<article class=\"w-grid-item size_1x1 post-297 post type-post status-publish format-standard hentry category-family\" data-id=\"297\">\r\n\t\t<div class=\"w-grid-item-h\">\r\n\t\t\t\t\t\t<div class=\"w-vwrapper usg_vwrapper_1 align_none valign_justify\" style=\"--vwrapper-gap:18px\"><div class=\"w-vwrapper usg_vwrapper_2 align_none valign_top\" style=\"--vwrapper-gap:18px\"><time class=\"w-post-elm post_date usg_post_date_1 entry-date published\" datetime=\"2025-12-08T17:39:08+01:00\">08.12.25<\/time><h3 class=\"w-post-elm post_title usg_post_title_1 entry-title color_link_inherit\"><a href=\"https:\/\/www.lebenshilfe-ohz.de\/leicht\/ferien-und-freizeitangebote-das-programmheft-2026-ist-online\/\">Ferien- und Freizeitangebote: Das Programmheft 2026 ist online!<\/a><\/h3><div class=\"w-post-elm post_content usg_post_content_1\"><p>Wir freuen uns, Ihnen die Freizeitangebote der Lebenshilfe Osterholz f\u00fcr das Jahr 2026 zu pr\u00e4sentieren.<br \/>\nAuch in diesem Jahr bieten die Offenen Hilfen eine bunte Vielfalt von unterschiedlichen Tages-, Wochenend- und Gruppenaktivit\u00e4ten f\u00fcr Kinder, Jugendliche und Erwachsene an. F\u00fcr jeden Geschmack ist etwas dabei &#8211; \u00fcberzeugen Sie sich beim St\u00f6bern im neuen Programmheft!<\/p>\n<\/div><\/div><a class=\"w-btn us-btn-style_2 usg_btn_1\" href=\"https:\/\/www.lebenshilfe-ohz.de\/leicht\/ferien-und-freizeitangebote-das-programmheft-2026-ist-online\/\"><span class=\"w-btn-label\">Mehr lesen<\/span><\/a><\/div>\t\t<\/div>\r\n\t\t\t<\/article>\r\n<\/div><div class=\"g-loadmore hidden\"><div class=\"g-preloader type_1\"><div><\/div><\/div><\/div><div class=\"w-grid-list-json hidden\" onclick='return {&quot;max_num_pages&quot;:0,&quot;pagination&quot;:&quot;none&quot;,&quot;paged&quot;:1,&quot;ajaxData&quot;:{&quot;action&quot;:&quot;us_ajax_post_list&quot;,&quot;meta_type&quot;:&quot;post&quot;,&quot;object_id&quot;:0,&quot;template_vars&quot;:{&quot;paged&quot;:1,&quot;max_num_pages&quot;:0,&quot;no_results&quot;:false,&quot;source&quot;:&quot;all&quot;,&quot;custom_field_name&quot;:&quot;&quot;,&quot;ids&quot;:&quot;&quot;,&quot;post_type&quot;:&quot;post&quot;,&quot;attachment_ids&quot;:null,&quot;include_post_thumbnail&quot;:0,&quot;post_author&quot;:&quot;any&quot;,&quot;post_author_ids&quot;:&quot;&quot;,&quot;apply_url_params&quot;:0,&quot;exclude_children&quot;:0,&quot;exclude_current_post&quot;:1,&quot;exclude_prev_posts&quot;:0,&quot;enable_items_offset&quot;:0,&quot;items_offset&quot;:&quot;1&quot;,&quot;tax_query_relation&quot;:&quot;none&quot;,&quot;tax_query&quot;:[{&quot;operator&quot;:&quot;IN&quot;,&quot;taxonomy&quot;:&quot;category&quot;,&quot;terms&quot;:&quot;&quot;,&quot;include_children&quot;:0}],&quot;meta_query_relation&quot;:&quot;none&quot;,&quot;meta_query&quot;:[{&quot;key&quot;:&quot;custom_field_name&quot;,&quot;compare&quot;:&quot;=&quot;,&quot;value&quot;:&quot;&quot;}],&quot;orderby&quot;:&quot;date&quot;,&quot;orderby_custom_field&quot;:&quot;&quot;,&quot;orderby_custom_type&quot;:0,&quot;order_invert&quot;:&quot;1&quot;,&quot;show_all&quot;:0,&quot;quantity&quot;:&quot;2&quot;,&quot;posts_per_archive_page&quot;:0,&quot;no_items_action&quot;:&quot;message&quot;,&quot;no_items_message&quot;:&quot;No results found.&quot;,&quot;no_items_page_block&quot;:&quot;&quot;,&quot;pagination&quot;:&quot;none&quot;,&quot;pagination_style&quot;:&quot;&quot;,&quot;pagination_btn_text&quot;:&quot;Load More&quot;,&quot;pagination_btn_size&quot;:&quot;&quot;,&quot;pagination_btn_style&quot;:&quot;1&quot;,&quot;pagination_btn_fullwidth&quot;:0,&quot;items_layout&quot;:&quot;80&quot;,&quot;type&quot;:&quot;grid&quot;,&quot;items_valign&quot;:0,&quot;ignore_items_size&quot;:0,&quot;columns&quot;:&quot;2&quot;,&quot;items_gap&quot;:&quot;10px&quot;,&quot;load_animation&quot;:&quot;none&quot;,&quot;items_preload_style&quot;:&quot;spinner&quot;,&quot;img_size&quot;:&quot;default&quot;,&quot;title_size&quot;:&quot;&quot;,&quot;items_ratio&quot;:&quot;default&quot;,&quot;items_ratio_width&quot;:&quot;21&quot;,&quot;items_ratio_height&quot;:&quot;9&quot;,&quot;overriding_link&quot;:&quot;%7B%22url%22%3A%22%22%7D&quot;,&quot;popup_width&quot;:&quot;&quot;,&quot;popup_arrows&quot;:1,&quot;breakpoint_1_width&quot;:&quot;1381px&quot;,&quot;breakpoint_1_cols&quot;:&quot;default&quot;,&quot;breakpoint_1_quantity&quot;:&quot;&quot;,&quot;breakpoint_1_gap&quot;:&quot;&quot;,&quot;breakpoint_2_width&quot;:&quot;991px&quot;,&quot;breakpoint_2_cols&quot;:&quot;2&quot;,&quot;breakpoint_2_quantity&quot;:&quot;&quot;,&quot;breakpoint_2_gap&quot;:&quot;&quot;,&quot;breakpoint_3_width&quot;:&quot;601px&quot;,&quot;breakpoint_3_cols&quot;:&quot;1&quot;,&quot;breakpoint_3_quantity&quot;:&quot;&quot;,&quot;breakpoint_3_gap&quot;:&quot;&quot;,&quot;conditions_operator&quot;:&quot;always&quot;,&quot;conditions&quot;:[],&quot;css&quot;:null,&quot;el_class&quot;:&quot;&quot;,&quot;el_id&quot;:&quot;&quot;,&quot;enable_custom_html_atts&quot;:0,&quot;custom_html_atts&quot;:null,&quot;hide_on_states&quot;:&quot;&quot;,&quot;hide_for_sticky&quot;:0,&quot;hide_for_not_sticky&quot;:0,&quot;hide_below&quot;:&quot;0px&quot;,&quot;hide_above&quot;:&quot;0px&quot;,&quot;classes&quot;:&quot;&quot;}},&quot;facetedFilter&quot;:[]}'><\/div><\/div><div class=\"w-btn-wrapper align_center\"><a class=\"w-btn us-btn-style_1 us_custom_173c0608\" href=\"https:\/\/www.lebenshilfe-ohz.de\/aktuelles\/\"><span class=\"w-btn-label\">Alle Neuigkeiten<\/span><\/a><\/div><\/div><\/div><\/div><\/div><\/div><\/section><section class=\"l-section wpb_row height_custom\"><div class=\"l-section-h i-cf\"><div class=\"g-cols vc_row via_flex valign_top type_default stacking_default\"><div class=\"vc_col-sm-12 wpb_column vc_column_container\"><div class=\"vc_column-inner\"><div class=\"wpb_wrapper\"><div class=\"g-cols wpb_row via_flex valign_top type_default stacking_default\"><div class=\"vc_col-sm-12 wpb_column vc_column_container\"><div class=\"vc_column-inner\"><div class=\"wpb_wrapper\"><div class=\"lbh_teaserbox w-img image-left border-left\"><div class=\"image-wrap\"><img decoding=\"async\" src=\"https:\/\/www.lebenshilfe-ohz.de\/wp-content\/uploads\/2025\/02\/startseite_ueberuns.jpg\" alt=\"\" class=\"image\"\/><\/div><div class=\"body\"><h2 class=\"title\">Mit dem Herzen sehen.<\/h2><div class=\"subtitle\">Vielfalt feiern.<\/div><div class=\"text\">Wir helfen, begleiten und f\u00f6rdern. Wir machen vieles m\u00f6glich! Mit \u00fcber 500 Mitarbeitenden an 20 Orten, vielen guten Ideen und einer gemeinsamen \u00dcberzeugung machen wir Inklusion selbstverst\u00e4ndlich. F\u00fcr mehr Teilhabe. F\u00fcr mehr Vielfalt. F\u00fcr Menschen jeden Alters, mit oder ohne Beeintr\u00e4chtigung. Weil es normal ist, verschieden zu sein.<\/div><div class=\"btn-wrap\"><a href=\"https:\/\/www.lebenshilfe-ohz.de\/ueber-uns\/\" class=\"w-btn us-btn-style_1\">Lerne uns kennen <\/a><\/div><\/div><\/div><\/div><\/div><\/div><\/div><div class=\"g-cols wpb_row us_custom_4892322e via_flex valign_top type_default stacking_default\"><div class=\"vc_col-sm-12 wpb_column vc_column_container\"><div class=\"vc_column-inner\"><div class=\"wpb_wrapper\"><div class=\"lbh_teaserbox w-img image-right border-right\"style=\"background-color: #E4F0F9;border-color: #6498D2;\"><div class=\"body\"><h2 class=\"title\">Herzensjob.<\/h2><div class=\"subtitle\">F\u00fcr Herzensmenschen.<\/div><div class=\"text\">Wir leben Inklusion. Auf allen Ebenen. Menschen sollen sich bei uns gesehen und sicher f\u00fchlen. Sie sollen eine echte Chance bekommen, ein Teil der Gesellschaft zu sein. Und sie sollen ihre F\u00e4higkeiten und Ideen einbringen k\u00f6nnen. So gestalten wir die Zukunft: F\u00fcr die Menschen, die wir unterst\u00fctzen. F\u00fcr die, die bei uns arbeiten. F\u00fcr alle.<\/div><div class=\"btn-wrap\"><a href=\"https:\/\/www.lebenshilfe-ohz.de\/karriere\/\" class=\"w-btn us-btn-style_1\">Zu unseren Job-Angeboten <\/a><\/div><\/div><div class=\"image-wrap\"><img decoding=\"async\" src=\"https:\/\/www.lebenshilfe-ohz.de\/wp-content\/uploads\/2025\/02\/startseite_karriere.jpg\" alt=\"\" class=\"image\"\/><\/div><\/div><\/div><\/div><\/div><\/div><div class=\"g-cols wpb_row us_custom_4892322e via_flex valign_top type_default stacking_default\"><div class=\"vc_col-sm-12 wpb_column vc_column_container\"><div class=\"vc_column-inner\"><div class=\"wpb_wrapper\"><div class=\"lbh_teaserbox w-img image-left border-left\"style=\"background-color: #FFF3DC;border-color: #FBBC43;\"><div class=\"image-wrap\"><img decoding=\"async\" src=\"https:\/\/www.lebenshilfe-ohz.de\/wp-content\/uploads\/2025\/02\/startseite_fruehfoerderung.jpg\" alt=\"\" class=\"image\"\/><\/div><div class=\"body\"><h2 class=\"title\">Fr\u00fch f\u00f6rdern.<\/h2><div class=\"subtitle\">Gemeinsam wachsen.<\/div><div class=\"text\">Jedes Kind hat besondere St\u00e4rken. Unsere Mobile Fr\u00fchf\u00f6rderung hilft Kindern, sich zu entwickeln und spielerisch zu lernen. Meistens machen wir das zu Hause, wo sich das Kind wohlf\u00fchlt.<\/p>\n<p>Wenn Eltern sich Sorgen um ihr Kind machen, helfen wir ihnen. Wir beraten sie und unterst\u00fctzen bei der Antragsstellung. Wir schaffen ein Umfeld, in dem die Familie wachsen kann.<\/div><div class=\"btn-wrap\"><a href=\"https:\/\/www.lebenshilfe-ohz.de\/mobile-fruehfoerderung\/\" class=\"w-btn us-btn-style_1\">Erfahre mehr <\/a><\/div><\/div><\/div><\/div><\/div><\/div><\/div><div class=\"g-cols wpb_row us_custom_4892322e via_flex valign_top type_default stacking_default\"><div class=\"vc_col-sm-12 wpb_column vc_column_container\"><div class=\"vc_column-inner\"><div class=\"wpb_wrapper\"><div class=\"lbh_teaserbox w-img image-right border-right\"style=\"background-color: #FCE0D8;border-color: #EB5C2F;\"><div class=\"body\"><h2 class=\"title\">Sein d\u00fcrfen.<\/h2><div class=\"subtitle\">Werden k\u00f6nnen.<\/div><div class=\"text\">Wir haben zehn H\u00e4user in vier Gemeinden. Wir bieten viel Gutes: In unseren Krippen-, Kita-, Hort- und Betreuungsgruppen werden Kinder umsorgt und gef\u00f6rdert. Hier entdecken sie sich selbst und ihre F\u00e4higkeiten. Sie d\u00fcrfen kreativ und phantasievoll sein. Sie erleben Erziehung, Bildung und Betreuung. Und sie lernen von klein auf, wie wertvoll Vielfalt ist. Es ist ein gesch\u00fctzter Raum, in dem sie so sein d\u00fcrfen, wie sie sind, um einmal werden zu k\u00f6nnen, was sie sein wollen.<\/div><div class=\"btn-wrap\"><a href=\"https:\/\/www.lebenshilfe-ohz.de\/leicht\/kindertagesstaetten-gesamtkonzept\/\" class=\"w-btn us-btn-style_1\">Unsere Betreuungsangebote <\/a><\/div><\/div><div class=\"image-wrap\"><img decoding=\"async\" src=\"https:\/\/www.lebenshilfe-ohz.de\/wp-content\/uploads\/2025\/02\/startseite_kita.jpg\" alt=\"\" class=\"image\"\/><\/div><\/div><\/div><\/div><\/div><\/div><div class=\"g-cols wpb_row us_custom_4892322e via_flex valign_top type_default stacking_default\"><div class=\"vc_col-sm-12 wpb_column vc_column_container\"><div class=\"vc_column-inner\"><div class=\"wpb_wrapper\"><div class=\"lbh_teaserbox w-img image-left border-left\"style=\"background-color: #D0E7E8;border-color: #00A4C8;\"><div class=\"image-wrap\"><img decoding=\"async\" src=\"https:\/\/www.lebenshilfe-ohz.de\/wp-content\/uploads\/2025\/02\/startseite_schulassistenz.jpg\" alt=\"\" class=\"image\"\/><\/div><div class=\"body\"><h2 class=\"title\">Zur Seite stehen.<\/h2><div class=\"subtitle\">Teilhabe erm\u00f6glichen.<\/div><div class=\"text\">Teilhabe m\u00f6glich machen \u2013 das war schon immer unser Ziel. Unsere Schulassistenzen begleiten Menschen mit Beeintr\u00e4chtigung in der Schule. Sie helfen mit einer Hand, h\u00f6ren zu und sind manchmal eine starke Schulter. Wir bieten pers\u00f6nliche Hilfe f\u00fcr ein eigenst\u00e4ndiges Leben, in dem H\u00fcrden nicht zu Hindernissen werden.<\/div><div class=\"btn-wrap\"><a href=\"https:\/\/www.lebenshilfe-ohz.de\/schulassistenz\/\" class=\"w-btn us-btn-style_1\">Jetzt informieren <\/a><\/div><\/div><\/div><\/div><\/div><\/div><\/div><div class=\"g-cols wpb_row us_custom_4892322e via_flex valign_top type_default stacking_default\"><div class=\"vc_col-sm-12 wpb_column vc_column_container\"><div class=\"vc_column-inner\"><div class=\"wpb_wrapper\"><div class=\"lbh_teaserbox w-img image-right border-right\"style=\"background-color: #E7F3DF;border-color: #649632;\"><div class=\"body\"><h2 class=\"title\">In der Freizeit begleiten.<\/h2><div class=\"subtitle\">Im Alltag entlasten.<\/div><div class=\"text\">Unser Familien unterst\u00fctzender Dienst (FuD) hilft Angeh\u00f6rigen bei der Betreuung ihrer Liebsten mit Beeintr\u00e4chtigung. Zu Hause, im Haus der Lebenshilfe, im Sportverein, auf dem Spielplatz und in den Schulferien. Wir sind \u00fcberall dort, wo das Leben stattfindet. Das Ziel: Mehr Unabh\u00e4ngigkeit \u2013 f\u00fcr Klienten und ihre Angeh\u00f6rigen.<\/div><div class=\"btn-wrap\"><a href=\"https:\/\/www.lebenshilfe-ohz.de\/familien\/\" class=\"w-btn us-btn-style_1\">Unser Angebot f\u00fcr Familien <\/a><\/div><\/div><div class=\"image-wrap\"><img decoding=\"async\" src=\"https:\/\/www.lebenshilfe-ohz.de\/wp-content\/uploads\/2025\/02\/startseite_familie.jpg\" alt=\"\" class=\"image\"\/><\/div><\/div><\/div><\/div><\/div><\/div><div class=\"g-cols wpb_row us_custom_4892322e via_flex valign_top type_default stacking_default\"><div class=\"vc_col-sm-12 wpb_column vc_column_container\"><div class=\"vc_column-inner\"><div class=\"wpb_wrapper\"><div class=\"lbh_teaserbox w-img image-left border-left\"style=\"background-color: #D6E8E7;border-color: #258280;\"><div class=\"image-wrap\"><img decoding=\"async\" src=\"https:\/\/www.lebenshilfe-ohz.de\/wp-content\/uploads\/2025\/02\/startseite_wohnen.jpg\" alt=\"\" class=\"image\"\/><\/div><div class=\"body\"><h2 class=\"title\">Zuhause sein.<\/h2><div class=\"subtitle\">Daheim f\u00fchlen.<\/div><div class=\"text\">Selbstbestimmt leben \u2013 in den eigenen vier W\u00e4nden: Mit unseren Wohnkonzepten bieten wir erwachsenen Menschen mit Beeintr\u00e4chtigung einen Ort, an dem sie Gemeinschaft genie\u00dfen und gleichzeitig eigenst\u00e4ndig ihren Alltag f\u00fchren k\u00f6nnen. Vom Einzelzimmer in einer Wohneinrichtung bis zur bunten WG: Wir vermitteln Wohnraum, der zur Pers\u00f6nlichkeit passt. Und sorgen mit unseren individuellen Unterst\u00fctzungsangeboten daf\u00fcr, dass er sich nach Zuhause anf\u00fchlt.<\/div><div class=\"btn-wrap\"><a href=\"https:\/\/www.lebenshilfe-ohz.de\/wohnen\/\" class=\"w-btn us-btn-style_1\">Unsere Wohnkonzepte <\/a><\/div><\/div><\/div><\/div><\/div><\/div><\/div><\/div><\/div><\/div><\/div><\/div><\/section>\n","protected":false},"excerpt":{"rendered":"Liebe Teilnehmer\/innen, Familien und Interessierte, wir freuen uns, Ihnen die Freizeitangebote der Lebenshilfe Osterholz f\u00fcr das Jahr 2026 zu pr\u00e4sentieren. Auch in diesem Jahr bieten die Offenen Hilfen eine bunte Vielfalt von unterschiedlichen Tages-, Wochenend- und Gruppenaktivit\u00e4ten f\u00fcr Kinder, Jugendliche und Erwachsene an. Wie gewohnt finden die Angebote im \u201eHaus der Lebenshilfe\u201c in der Bahnhofstra\u00dfe...","protected":false},"author":1,"featured_media":0,"parent":0,"menu_order":0,"comment_status":"closed","ping_status":"closed","template":"","meta":{"_acf_changed":false,"footnotes":""},"categories":[52],"class_list":["post-827","page","type-page","status-publish","hentry","category-lebenshilfe-leicht"],"acf":[],"yoast_head":"<!-- This site is optimized with the Yoast SEO plugin v26.0 - https:\/\/yoast.com\/wordpress\/plugins\/seo\/ -->\n<title>Gemeinsam. F\u00fcr alle. | Lebenshilfe Osterholz<\/title>\n<meta name=\"description\" content=\"Wir sind f\u00fcr dich da. Wir helfen Kindern, Jugendlichen und Menschen mit Behinderung im Landkreis Osterholz. Wir machen es m\u00f6glich, dass alle mitmachen k\u00f6nnen.\" \/>\n<meta name=\"robots\" content=\"index, follow, max-snippet:-1, max-image-preview:large, max-video-preview:-1\" \/>\n<link rel=\"canonical\" href=\"https:\/\/www.lebenshilfe-ohz.de\/leicht\/\" \/>\n<meta property=\"og:locale\" content=\"de_DE\" \/>\n<meta property=\"og:type\" content=\"article\" \/>\n<meta property=\"og:title\" content=\"Gemeinsam. F\u00fcr alle. | Lebenshilfe Osterholz\" \/>\n<meta property=\"og:description\" content=\"Wir sind f\u00fcr dich da. Wir helfen Kindern, Jugendlichen und Menschen mit Behinderung im Landkreis Osterholz. Wir machen es m\u00f6glich, dass alle mitmachen k\u00f6nnen.\" \/>\n<meta property=\"og:url\" content=\"https:\/\/www.lebenshilfe-ohz.de\/leicht\/\" \/>\n<meta property=\"og:site_name\" content=\"Lebenshilfe Osterholz\" \/>\n<meta property=\"article:modified_time\" content=\"2025-03-14T13:42:59+00:00\" \/>\n<meta name=\"twitter:card\" content=\"summary_large_image\" \/>\n<meta name=\"twitter:label1\" content=\"Est. reading time\" \/>\n\t<meta name=\"twitter:data1\" content=\"4 minutes\" \/>\n<script type=\"application\/ld+json\" class=\"yoast-schema-graph\">{\"@context\":\"https:\/\/schema.org\",\"@graph\":[{\"@type\":\"WebPage\",\"@id\":\"https:\/\/www.lebenshilfe-ohz.de\/leicht\/\",\"url\":\"https:\/\/www.lebenshilfe-ohz.de\/leicht\/\",\"name\":\"Gemeinsam. F\u00fcr alle. | Lebenshilfe Osterholz\",\"isPartOf\":{\"@id\":\"https:\/\/www.lebenshilfe-ohz.de\/#website\"},\"datePublished\":\"2025-01-14T12:33:40+00:00\",\"dateModified\":\"2025-03-14T13:42:59+00:00\",\"description\":\"Wir sind f\u00fcr dich da. Wir helfen Kindern, Jugendlichen und Menschen mit Behinderung im Landkreis Osterholz. Wir machen es m\u00f6glich, dass alle mitmachen k\u00f6nnen.\",\"breadcrumb\":{\"@id\":\"https:\/\/www.lebenshilfe-ohz.de\/leicht\/#breadcrumb\"},\"inLanguage\":\"de-LS\",\"potentialAction\":[{\"@type\":\"ReadAction\",\"target\":[\"https:\/\/www.lebenshilfe-ohz.de\/leicht\/\"]}]},{\"@type\":\"BreadcrumbList\",\"@id\":\"https:\/\/www.lebenshilfe-ohz.de\/leicht\/#breadcrumb\",\"itemListElement\":[{\"@type\":\"ListItem\",\"position\":1,\"name\":\"Startseite\",\"item\":\"https:\/\/www.lebenshilfe-ohz.de\/leicht\/\"},{\"@type\":\"ListItem\",\"position\":2,\"name\":\"Lebenshilfe Osterholz\"}]},{\"@type\":\"WebSite\",\"@id\":\"https:\/\/www.lebenshilfe-ohz.de\/#website\",\"url\":\"https:\/\/www.lebenshilfe-ohz.de\/\",\"name\":\"Lebenshilfe Osterholz\",\"description\":\"\",\"potentialAction\":[{\"@type\":\"SearchAction\",\"target\":{\"@type\":\"EntryPoint\",\"urlTemplate\":\"https:\/\/www.lebenshilfe-ohz.de\/?s={search_term_string}\"},\"query-input\":{\"@type\":\"PropertyValueSpecification\",\"valueRequired\":true,\"valueName\":\"search_term_string\"}}],\"inLanguage\":\"de-LS\"}]}<\/script>\n<!-- \/ Yoast SEO plugin. -->","yoast_head_json":{"title":"Gemeinsam. F\u00fcr alle. | Lebenshilfe Osterholz","description":"Wir sind f\u00fcr dich da. Wir helfen Kindern, Jugendlichen und Menschen mit Behinderung im Landkreis Osterholz. Wir machen es m\u00f6glich, dass alle mitmachen k\u00f6nnen.","robots":{"index":"index","follow":"follow","max-snippet":"max-snippet:-1","max-image-preview":"max-image-preview:large","max-video-preview":"max-video-preview:-1"},"canonical":"https:\/\/www.lebenshilfe-ohz.de\/leicht\/","og_locale":"de_DE","og_type":"article","og_title":"Gemeinsam. F\u00fcr alle. | Lebenshilfe Osterholz","og_description":"Wir sind f\u00fcr dich da. Wir helfen Kindern, Jugendlichen und Menschen mit Behinderung im Landkreis Osterholz. Wir machen es m\u00f6glich, dass alle mitmachen k\u00f6nnen.","og_url":"https:\/\/www.lebenshilfe-ohz.de\/leicht\/","og_site_name":"Lebenshilfe Osterholz","article_modified_time":"2025-03-14T13:42:59+00:00","twitter_card":"summary_large_image","twitter_misc":{"Est. reading time":"4 minutes"},"schema":{"@context":"https:\/\/schema.org","@graph":[{"@type":"WebPage","@id":"https:\/\/www.lebenshilfe-ohz.de\/leicht\/","url":"https:\/\/www.lebenshilfe-ohz.de\/leicht\/","name":"Gemeinsam. F\u00fcr alle. | Lebenshilfe Osterholz","isPartOf":{"@id":"https:\/\/www.lebenshilfe-ohz.de\/#website"},"datePublished":"2025-01-14T12:33:40+00:00","dateModified":"2025-03-14T13:42:59+00:00","description":"Wir sind f\u00fcr dich da. Wir helfen Kindern, Jugendlichen und Menschen mit Behinderung im Landkreis Osterholz. Wir machen es m\u00f6glich, dass alle mitmachen k\u00f6nnen.","breadcrumb":{"@id":"https:\/\/www.lebenshilfe-ohz.de\/leicht\/#breadcrumb"},"inLanguage":"de-LS","potentialAction":[{"@type":"ReadAction","target":["https:\/\/www.lebenshilfe-ohz.de\/leicht\/"]}]},{"@type":"BreadcrumbList","@id":"https:\/\/www.lebenshilfe-ohz.de\/leicht\/#breadcrumb","itemListElement":[{"@type":"ListItem","position":1,"name":"Startseite","item":"https:\/\/www.lebenshilfe-ohz.de\/leicht\/"},{"@type":"ListItem","position":2,"name":"Lebenshilfe Osterholz"}]},{"@type":"WebSite","@id":"https:\/\/www.lebenshilfe-ohz.de\/#website","url":"https:\/\/www.lebenshilfe-ohz.de\/","name":"Lebenshilfe Osterholz","description":"","potentialAction":[{"@type":"SearchAction","target":{"@type":"EntryPoint","urlTemplate":"https:\/\/www.lebenshilfe-ohz.de\/?s={search_term_string}"},"query-input":{"@type":"PropertyValueSpecification","valueRequired":true,"valueName":"search_term_string"}}],"inLanguage":"de-LS"}]}},"_links":{"self":[{"href":"https:\/\/www.lebenshilfe-ohz.de\/leicht\/wp-json\/wp\/v2\/pages\/827","targetHints":{"allow":["GET"]}}],"collection":[{"href":"https:\/\/www.lebenshilfe-ohz.de\/leicht\/wp-json\/wp\/v2\/pages"}],"about":[{"href":"https:\/\/www.lebenshilfe-ohz.de\/leicht\/wp-json\/wp\/v2\/types\/page"}],"author":[{"embeddable":true,"href":"https:\/\/www.lebenshilfe-ohz.de\/leicht\/wp-json\/wp\/v2\/users\/1"}],"replies":[{"embeddable":true,"href":"https:\/\/www.lebenshilfe-ohz.de\/leicht\/wp-json\/wp\/v2\/comments?post=827"}],"version-history":[{"count":13,"href":"https:\/\/www.lebenshilfe-ohz.de\/leicht\/wp-json\/wp\/v2\/pages\/827\/revisions"}],"predecessor-version":[{"id":1516,"href":"https:\/\/www.lebenshilfe-ohz.de\/leicht\/wp-json\/wp\/v2\/pages\/827\/revisions\/1516"}],"wp:attachment":[{"href":"https:\/\/www.lebenshilfe-ohz.de\/leicht\/wp-json\/wp\/v2\/media?parent=827"}],"wp:term":[{"taxonomy":"category","embeddable":true,"href":"https:\/\/www.lebenshilfe-ohz.de\/leicht\/wp-json\/wp\/v2\/categories?post=827"}],"curies":[{"name":"wp","href":"https:\/\/api.w.org\/{rel}","templated":true}]}}