{"id":59,"date":"2025-01-14T16:44:07","date_gmt":"2025-01-14T15:44:07","guid":{"rendered":"http:\/\/dev.lebenshilfe-ohz.de.w01ed883.kasserver.com\/?page_id=59"},"modified":"2025-02-20T13:59:25","modified_gmt":"2025-02-20T12:59:25","slug":"hinweisgeberportal","status":"publish","type":"page","link":"https:\/\/www.lebenshilfe-ohz.de\/leicht\/hinweisgeberportal\/","title":{"rendered":"Hinweisgeberportal"},"content":{"rendered":"<section class=\"l-section wpb_row us_custom_3188818e hide_on_default hide_on_laptops height_auto\"><div class=\"l-section-h i-cf\"><div class=\"g-cols vc_row via_flex valign_top type_default stacking_default\"><div class=\"vc_col-sm-12 wpb_column vc_column_container\"><div class=\"vc_column-inner\"><div class=\"wpb_wrapper\"><div class=\"lbh-lang-switch\"><div class=\"field-wrap\" data-href=\"https:\/\/www.lebenshilfe-ohz.de\/wp-json\/wp\/v2\/pages\/59\/\"><label for=\"lang_leicht\"><i class=\"icon icon-einfache-sprache\"><\/i>Leichte Sprache<\/label><input type=\"checkbox\" id=\"lang_leicht\" name=\"lang_leicht\" checked\/><\/div><\/div><\/div><\/div><\/div><\/div><\/div><\/section><section class=\"l-section wpb_row height_custom\"><div class=\"l-section-h i-cf\"><div class=\"g-cols vc_row via_flex valign_top type_default stacking_default\"><div class=\"vc_col-sm-12 wpb_column vc_column_container\"><div class=\"vc_column-inner\"><div class=\"wpb_wrapper\"><div class=\"wpb_text_column\"><div class=\"wpb_wrapper\"><h1>Hinweisgeberportal<\/h1>\n<p>Umsetzung des<span>\u00a0<\/span><strong>Hinweisgeberschutzgesetztes &#8211; HinSchG<\/strong><span>\u00a0<\/span>(<span>Gesetz f\u00fcr einen besseren Schutz hinweisgebender Personen sowie zur Umsetzung der Richtlinie zum Schutz von Personen, die Verst\u00f6\u00dfe gegen das Unionsrecht melden)<\/span><\/p>\n<p>Nachfolgender LINK f\u00fchrt Sie zur internen Meldestelle der Lebenshilfe Osterholz im Sinne des \u00a712 des HinSchG.<br \/>\n<a href=\"https:\/\/lebenshilfe-osterholz.wbportal.de\/\" target=\"_blank\" rel=\"noopener\"><span><strong>Meldeportal der Lebenshilfe Osterholz<\/strong><\/span><\/a><\/p>\n<p>Das Hinweisgeberschutzgesetz k\u00f6nnen Sie hier aufrufen:<br \/>\n<a href=\"https:\/\/www.recht.bund.de\/bgbl\/1\/2023\/140\/VO\" target=\"_blank\" rel=\"noopener\"><span><strong>Hinweisgeberschutzgesetz<\/strong><\/span><\/a><\/p>\n<\/div><\/div><\/div><\/div><\/div><\/div><\/div><\/section>\n","protected":false},"excerpt":{"rendered":"Leichte SpracheHinweisgeberportal Umsetzung des\u00a0Hinweisgeberschutzgesetztes &#8211; HinSchG\u00a0(Gesetz f\u00fcr einen besseren Schutz hinweisgebender Personen sowie zur Umsetzung der Richtlinie zum Schutz von Personen, die Verst\u00f6\u00dfe gegen das Unionsrecht melden) Nachfolgender LINK f\u00fchrt Sie zur internen Meldestelle der Lebenshilfe Osterholz im Sinne des \u00a712 des HinSchG. Meldeportal der Lebenshilfe Osterholz Das Hinweisgeberschutzgesetz k\u00f6nnen Sie hier aufrufen: Hinweisgeberschutzgesetz","protected":false},"author":1,"featured_media":0,"parent":0,"menu_order":0,"comment_status":"closed","ping_status":"closed","template":"","meta":{"_acf_changed":false,"footnotes":""},"categories":[4],"class_list":["post-59","page","type-page","status-publish","hentry","category-lebenshilfe"],"acf":[],"yoast_head":"<!-- This site is optimized with the Yoast SEO plugin v26.0 - https:\/\/yoast.com\/wordpress\/plugins\/seo\/ -->\n<title>Hinweisgeberportal | Lebenshilfe Osterholz<\/title>\n<meta name=\"robots\" content=\"index, follow, max-snippet:-1, max-image-preview:large, max-video-preview:-1\" \/>\n<link rel=\"canonical\" href=\"https:\/\/www.lebenshilfe-ohz.de\/hinweisgeberportal\/\" \/>\n<meta property=\"og:locale\" content=\"de_DE\" \/>\n<meta property=\"og:type\" content=\"article\" \/>\n<meta property=\"og:title\" content=\"Hinweisgeberportal | Lebenshilfe Osterholz\" \/>\n<meta property=\"og:url\" content=\"https:\/\/www.lebenshilfe-ohz.de\/hinweisgeberportal\/\" \/>\n<meta property=\"og:site_name\" content=\"Lebenshilfe Osterholz\" \/>\n<meta property=\"article:modified_time\" content=\"2025-02-20T12:59:25+00:00\" \/>\n<meta name=\"twitter:card\" content=\"summary_large_image\" \/>\n<meta name=\"twitter:label1\" content=\"Est. reading time\" \/>\n\t<meta name=\"twitter:data1\" content=\"1 minute\" \/>\n<script type=\"application\/ld+json\" class=\"yoast-schema-graph\">{\"@context\":\"https:\/\/schema.org\",\"@graph\":[{\"@type\":\"WebPage\",\"@id\":\"https:\/\/www.lebenshilfe-ohz.de\/hinweisgeberportal\/\",\"url\":\"https:\/\/www.lebenshilfe-ohz.de\/hinweisgeberportal\/\",\"name\":\"Hinweisgeberportal | Lebenshilfe Osterholz\",\"isPartOf\":{\"@id\":\"https:\/\/www.lebenshilfe-ohz.de\/#website\"},\"datePublished\":\"2025-01-14T15:44:07+00:00\",\"dateModified\":\"2025-02-20T12:59:25+00:00\",\"breadcrumb\":{\"@id\":\"https:\/\/www.lebenshilfe-ohz.de\/hinweisgeberportal\/#breadcrumb\"},\"inLanguage\":\"de-LS\",\"potentialAction\":[{\"@type\":\"ReadAction\",\"target\":[\"https:\/\/www.lebenshilfe-ohz.de\/hinweisgeberportal\/\"]}]},{\"@type\":\"BreadcrumbList\",\"@id\":\"https:\/\/www.lebenshilfe-ohz.de\/hinweisgeberportal\/#breadcrumb\",\"itemListElement\":[{\"@type\":\"ListItem\",\"position\":1,\"name\":\"Startseite\",\"item\":\"https:\/\/www.lebenshilfe-ohz.de\/leicht\/\"},{\"@type\":\"ListItem\",\"position\":2,\"name\":\"Hinweisgeberportal\"}]},{\"@type\":\"WebSite\",\"@id\":\"https:\/\/www.lebenshilfe-ohz.de\/#website\",\"url\":\"https:\/\/www.lebenshilfe-ohz.de\/\",\"name\":\"Lebenshilfe Osterholz\",\"description\":\"\",\"potentialAction\":[{\"@type\":\"SearchAction\",\"target\":{\"@type\":\"EntryPoint\",\"urlTemplate\":\"https:\/\/www.lebenshilfe-ohz.de\/?s={search_term_string}\"},\"query-input\":{\"@type\":\"PropertyValueSpecification\",\"valueRequired\":true,\"valueName\":\"search_term_string\"}}],\"inLanguage\":\"de-LS\"}]}<\/script>\n<!-- \/ Yoast SEO plugin. -->","yoast_head_json":{"title":"Hinweisgeberportal | Lebenshilfe Osterholz","robots":{"index":"index","follow":"follow","max-snippet":"max-snippet:-1","max-image-preview":"max-image-preview:large","max-video-preview":"max-video-preview:-1"},"canonical":"https:\/\/www.lebenshilfe-ohz.de\/hinweisgeberportal\/","og_locale":"de_DE","og_type":"article","og_title":"Hinweisgeberportal | Lebenshilfe Osterholz","og_url":"https:\/\/www.lebenshilfe-ohz.de\/hinweisgeberportal\/","og_site_name":"Lebenshilfe Osterholz","article_modified_time":"2025-02-20T12:59:25+00:00","twitter_card":"summary_large_image","twitter_misc":{"Est. reading time":"1 minute"},"schema":{"@context":"https:\/\/schema.org","@graph":[{"@type":"WebPage","@id":"https:\/\/www.lebenshilfe-ohz.de\/hinweisgeberportal\/","url":"https:\/\/www.lebenshilfe-ohz.de\/hinweisgeberportal\/","name":"Hinweisgeberportal | Lebenshilfe Osterholz","isPartOf":{"@id":"https:\/\/www.lebenshilfe-ohz.de\/#website"},"datePublished":"2025-01-14T15:44:07+00:00","dateModified":"2025-02-20T12:59:25+00:00","breadcrumb":{"@id":"https:\/\/www.lebenshilfe-ohz.de\/hinweisgeberportal\/#breadcrumb"},"inLanguage":"de-LS","potentialAction":[{"@type":"ReadAction","target":["https:\/\/www.lebenshilfe-ohz.de\/hinweisgeberportal\/"]}]},{"@type":"BreadcrumbList","@id":"https:\/\/www.lebenshilfe-ohz.de\/hinweisgeberportal\/#breadcrumb","itemListElement":[{"@type":"ListItem","position":1,"name":"Startseite","item":"https:\/\/www.lebenshilfe-ohz.de\/leicht\/"},{"@type":"ListItem","position":2,"name":"Hinweisgeberportal"}]},{"@type":"WebSite","@id":"https:\/\/www.lebenshilfe-ohz.de\/#website","url":"https:\/\/www.lebenshilfe-ohz.de\/","name":"Lebenshilfe Osterholz","description":"","potentialAction":[{"@type":"SearchAction","target":{"@type":"EntryPoint","urlTemplate":"https:\/\/www.lebenshilfe-ohz.de\/?s={search_term_string}"},"query-input":{"@type":"PropertyValueSpecification","valueRequired":true,"valueName":"search_term_string"}}],"inLanguage":"de-LS"}]}},"_links":{"self":[{"href":"https:\/\/www.lebenshilfe-ohz.de\/leicht\/wp-json\/wp\/v2\/pages\/59","targetHints":{"allow":["GET"]}}],"collection":[{"href":"https:\/\/www.lebenshilfe-ohz.de\/leicht\/wp-json\/wp\/v2\/pages"}],"about":[{"href":"https:\/\/www.lebenshilfe-ohz.de\/leicht\/wp-json\/wp\/v2\/types\/page"}],"author":[{"embeddable":true,"href":"https:\/\/www.lebenshilfe-ohz.de\/leicht\/wp-json\/wp\/v2\/users\/1"}],"replies":[{"embeddable":true,"href":"https:\/\/www.lebenshilfe-ohz.de\/leicht\/wp-json\/wp\/v2\/comments?post=59"}],"version-history":[{"count":10,"href":"https:\/\/www.lebenshilfe-ohz.de\/leicht\/wp-json\/wp\/v2\/pages\/59\/revisions"}],"predecessor-version":[{"id":1479,"href":"https:\/\/www.lebenshilfe-ohz.de\/leicht\/wp-json\/wp\/v2\/pages\/59\/revisions\/1479"}],"wp:attachment":[{"href":"https:\/\/www.lebenshilfe-ohz.de\/leicht\/wp-json\/wp\/v2\/media?parent=59"}],"wp:term":[{"taxonomy":"category","embeddable":true,"href":"https:\/\/www.lebenshilfe-ohz.de\/leicht\/wp-json\/wp\/v2\/categories?post=59"}],"curies":[{"name":"wp","href":"https:\/\/api.w.org\/{rel}","templated":true}]}}