{"id":327,"date":"2025-02-11T12:06:37","date_gmt":"2025-02-11T11:06:37","guid":{"rendered":"http:\/\/dev.lebenshilfe-ohz.de.w01ed883.kasserver.com\/?page_id=327"},"modified":"2025-02-19T17:14:35","modified_gmt":"2025-02-19T16:14:35","slug":"stellenangebote","status":"publish","type":"page","link":"https:\/\/www.lebenshilfe-ohz.de\/leicht\/stellenangebote\/","title":{"rendered":"Stellenangebote"},"content":{"rendered":"<section class=\"l-section wpb_row us_custom_3188818e hide_on_default hide_on_laptops height_auto\"><div class=\"l-section-h i-cf\"><div class=\"g-cols vc_row via_flex valign_top type_default stacking_default\"><div class=\"vc_col-sm-12 wpb_column vc_column_container\"><div class=\"vc_column-inner\"><div class=\"wpb_wrapper\"><div class=\"lbh-lang-switch\"><div class=\"field-wrap\" data-href=\"https:\/\/www.lebenshilfe-ohz.de\/wp-json\/wp\/v2\/pages\/327\/\"><label for=\"lang_leicht\"><i class=\"icon icon-einfache-sprache\"><\/i>Leichte Sprache<\/label><input type=\"checkbox\" id=\"lang_leicht\" name=\"lang_leicht\" checked\/><\/div><\/div><\/div><\/div><\/div><\/div><\/div><\/section><section class=\"l-section wpb_row us_custom_19737bc8 height_custom\"><div class=\"l-section-h i-cf\"><div class=\"g-cols vc_row via_flex valign_top type_default stacking_default\"><div class=\"vc_col-sm-12 wpb_column vc_column_container\"><div class=\"vc_column-inner\"><div class=\"wpb_wrapper\"><div class=\"w-hwrapper lbh-breadcrumb valign_middle wrap align_none\"><div class=\"wpb_text_column\"><div class=\"wpb_wrapper\"><p><strong>Karriere<\/strong><\/p>\n<\/div><\/div><div class=\"wpb_text_column\"><div class=\"wpb_wrapper\"><p><a href=\"#jobs\">Offene Stellenangebote<\/a> | <a href=\"#bewerbungsprozess\">Bewerbungsprozess<\/a><\/p>\n<\/div><\/div><\/div><\/div><\/div><\/div><\/div><\/div><\/section><section class=\"l-section wpb_row height_custom\" id=\"jobs\"><div class=\"l-section-h i-cf\"><div class=\"g-cols vc_row via_flex valign_top type_default stacking_default\"><div class=\"vc_col-sm-12 wpb_column vc_column_container\"><div class=\"vc_column-inner\"><div class=\"wpb_wrapper\"><div class=\"wpb_text_column\"><div class=\"wpb_wrapper\"><h1>Offene Stellenangebote<\/h1>\n<\/div><\/div><\/div><\/div><\/div><\/div><\/div><\/section><section class=\"l-section wpb_row height_custom\"><div class=\"l-section-h i-cf\"><div class=\"g-cols vc_row via_flex valign_top type_default stacking_default\"><div class=\"vc_col-sm-12 wpb_column vc_column_container\"><div class=\"vc_column-inner\"><div class=\"wpb_wrapper\"><div class=\"jobs-filter\"><div class=\"qualification-filter\"><label for=\"qualification\" class=\"filter-heading\">Ich suche eine Stelle als:<\/label><select name=\"qualification\" id=\"qualification\"><option value=\"\" disabled selected>Berufsbezeichnung ausw\u00e4hlen<\/option><option value=\"all_jobs\">Alle<\/option><option value=\"bereichsleitung-m-w-d-wohnen\">Bereichsleitung (m\/w\/d) &#8211; Wohnen<\/option><option value=\"erzieherin-m-w-d-3\">Erzieherin (m\/w\/d)<\/option><option value=\"stellvertretende-kita-leitung-m-w-d-in-kombination-mit-einer-gruppenleitung\">Stellvertretende Kita Leitung (m\/w\/d) \u2013 in Kombination mit Gruppenleitung<\/option><option value=\"heilpaedagogische-fachkraft-in-kita-ohz-35-std-woche\">Heilp\u00e4dagogische Fachkraft (m\/w\/d)<\/option><option value=\"nebenberuflich-taetige-mitarbeitende-m-w-d-im-familien-unterstuetzenden-dienst-fud\">Mitarbeit im Familien unterst\u00fctzenden Dienst (FuD)<\/option><option value=\"bundesfreiwilligendienst-bfd\">Bundes&shy;freiwilligen&shy;dienst (BFD)<\/option><option value=\"initiativbewerbung-m-w-d\">Initiativbewerbung m\/w\/d<\/option><\/select><\/div><div class=\"location-filter\"><fieldset><legend class=\"filter-heading\">an den Standorten:<\/legend><div class=\"options-wrap\"><div class=\"field-wrap\"><input type=\"checkbox\" id=\"all_locations\" value=\"all_locations\" name=\"job_locations[]\" checked><label for=\"all_locations\">Alle<\/label><\/div><div class=\"field-wrap\"><input type=\"checkbox\" id=\"axstedt\" value=\"axstedt\" name=\"job_locations[]\"><label for=\"axstedt\">Axstedt<\/label><\/div><div class=\"field-wrap\"><input type=\"checkbox\" id=\"grasberg\" value=\"grasberg\" name=\"job_locations[]\"><label for=\"grasberg\">Grasberg<\/label><\/div><div class=\"field-wrap\"><input type=\"checkbox\" id=\"hambergen\" value=\"hambergen\" name=\"job_locations[]\"><label for=\"hambergen\">Hambergen<\/label><\/div><div class=\"field-wrap\"><input type=\"checkbox\" id=\"holste\" value=\"holste\" name=\"job_locations[]\"><label for=\"holste\">Holste<\/label><\/div><div class=\"field-wrap\"><input type=\"checkbox\" id=\"lilienthal\" value=\"lilienthal\" name=\"job_locations[]\"><label for=\"lilienthal\">Lilienthal<\/label><\/div><div class=\"field-wrap\"><input type=\"checkbox\" id=\"osterholzscharmbeck\" value=\"osterholzscharmbeck\" name=\"job_locations[]\"><label for=\"osterholzscharmbeck\">Osterholz-Scharmbeck<\/label><\/div><div class=\"field-wrap\"><input type=\"checkbox\" id=\"ritterhude\" value=\"ritterhude\" name=\"job_locations[]\"><label for=\"ritterhude\">Ritterhude<\/label><\/div><div class=\"field-wrap\"><input type=\"checkbox\" id=\"schwanewede\" value=\"schwanewede\" name=\"job_locations[]\"><label for=\"schwanewede\">Schwanewede<\/label><\/div><div class=\"field-wrap\"><input type=\"checkbox\" id=\"worpswede\" value=\"worpswede\" name=\"job_locations[]\"><label for=\"worpswede\">Worpswede<\/label><\/div><\/div><\/fieldset><\/div><\/div><div class=\"lbh_jobsgrid\"><ul class=\"jobs-list\"><li class=\"job-item housing\"\" data-slug=\"bereichsleitung-m-w-d-wohnen\"\" data-locations=\"[&quot;osterholzscharmbeck&quot;]\"><a href=\"https:\/\/www.lebenshilfe-ohz.de\/leicht\/stellenangebot\/bereichsleitung-m-w-d-wohnen\/#main-content\" aria-label=\"Zum Stellenangebot Bereichsleitung (m\/w\/d) &#8211; Wohnen\"><h2 class=\"title\">Bereichsleitung (m\/w\/d) &#8211; Wohnen<\/h2><div class=\"info\"><div class=\"department\"><i class=\"material-icons\">work<\/i><span>Wohnen<\/span><\/div><div class=\"location\"><i class=\"fas fa-flag\"><\/i><span>Osterholz-Scharmbeck<\/span><\/div><div class=\"working-hours\"><i class=\"fas fa-stopwatch\"><\/i><span>Vollzeit, Teilzeit<\/span><\/div><\/div><\/a><\/li><li class=\"job-item daycare\"\" data-slug=\"erzieherin-m-w-d-3\"\" data-locations=\"[&quot;osterholzscharmbeck&quot;,&quot;lilienthal&quot;]\"><a href=\"https:\/\/www.lebenshilfe-ohz.de\/leicht\/stellenangebot\/erzieherin-m-w-d-3\/#main-content\" aria-label=\"Zum Stellenangebot Erzieherin (m\/w\/d)\"><h2 class=\"title\">Erzieherin (m\/w\/d)<\/h2><div class=\"info\"><div class=\"department\"><i class=\"material-icons\">work<\/i><span>Kindertagesst\u00e4tten<\/span><\/div><div class=\"location\"><i class=\"fas fa-flag\"><\/i><span>Lilienthal, Osterholz-Scharmbeck<\/span><\/div><div class=\"working-hours\"><i class=\"fas fa-stopwatch\"><\/i><span>Vollzeit, Teilzeit<\/span><\/div><\/div><\/a><\/li><li class=\"job-item daycare\"\" data-slug=\"stellvertretende-kita-leitung-m-w-d-in-kombination-mit-einer-gruppenleitung\"\" data-locations=\"[&quot;lilienthal&quot;,&quot;osterholzscharmbeck&quot;]\"><a href=\"https:\/\/www.lebenshilfe-ohz.de\/leicht\/stellenangebot\/stellvertretende-kita-leitung-m-w-d-in-kombination-mit-einer-gruppenleitung\/#main-content\" aria-label=\"Zum Stellenangebot Stellvertretende Kita Leitung (m\/w\/d) \u2013 in Kombination mit Gruppenleitung\"><h2 class=\"title\">Stellvertretende Kita Leitung (m\/w\/d) \u2013 in Kombination mit Gruppenleitung<\/h2><div class=\"info\"><div class=\"department\"><i class=\"material-icons\">work<\/i><span>Kindertagesst\u00e4tten<\/span><\/div><div class=\"location\"><i class=\"fas fa-flag\"><\/i><span>Lilienthal, Osterholz-Scharmbeck<\/span><\/div><div class=\"working-hours\"><i class=\"fas fa-stopwatch\"><\/i><span>Vollzeit, Teilzeit<\/span><\/div><\/div><\/a><\/li><li class=\"job-item daycare\"\" data-slug=\"heilpaedagogische-fachkraft-in-kita-ohz-35-std-woche\"\" data-locations=\"[&quot;ritterhude&quot;]\"><a href=\"https:\/\/www.lebenshilfe-ohz.de\/leicht\/stellenangebot\/heilpaedagogische-fachkraft-in-kita-ohz-35-std-woche\/#main-content\" aria-label=\"Zum Stellenangebot Heilp\u00e4dagogische Fachkraft (m\/w\/d)\"><h2 class=\"title\">Heilp\u00e4dagogische Fachkraft (m\/w\/d)<\/h2><div class=\"info\"><div class=\"department\"><i class=\"material-icons\">work<\/i><span>Kindertagesst\u00e4tten<\/span><\/div><div class=\"location\"><i class=\"fas fa-flag\"><\/i><span>Ritterhude<\/span><\/div><div class=\"working-hours\"><i class=\"fas fa-stopwatch\"><\/i><span>Vollzeit, Teilzeit<\/span><\/div><\/div><\/a><\/li><li class=\"job-item family\"\" data-slug=\"nebenberuflich-taetige-mitarbeitende-m-w-d-im-familien-unterstuetzenden-dienst-fud\"\" data-locations=\"[&quot;worpswede&quot;,&quot;schwanewede&quot;,&quot;ritterhude&quot;,&quot;osterholzscharmbeck&quot;,&quot;axstedt&quot;,&quot;grasberg&quot;,&quot;holste&quot;,&quot;hambergen&quot;,&quot;lilienthal&quot;]\"><a href=\"https:\/\/www.lebenshilfe-ohz.de\/leicht\/stellenangebot\/nebenberuflich-taetige-mitarbeitende-m-w-d-im-familien-unterstuetzenden-dienst-fud\/#main-content\" aria-label=\"Zum Stellenangebot Mitarbeit im Familien unterst\u00fctzenden Dienst (FuD)\"><h2 class=\"title\">Mitarbeit im Familien unterst\u00fctzenden Dienst (FuD)<\/h2><div class=\"info\"><div class=\"department\"><i class=\"material-icons\">work<\/i><span>Familien<\/span><\/div><div class=\"location\"><i class=\"fas fa-flag\"><\/i><span>Axstedt, Grasberg, Hambergen, Holste, Lilienthal, Osterholz-Scharmbeck, Ritterhude, Schwanewede, Worpswede<\/span><\/div><div class=\"working-hours\"><i class=\"fas fa-stopwatch\"><\/i><span>Teilzeit<\/span><\/div><\/div><\/a><\/li><li class=\"job-item lebenshilfe\"\" data-slug=\"bundesfreiwilligendienst-bfd\"\" data-locations=\"[&quot;axstedt&quot;,&quot;holste&quot;,&quot;lilienthal&quot;,&quot;osterholzscharmbeck&quot;,&quot;ritterhude&quot;]\"><a href=\"https:\/\/www.lebenshilfe-ohz.de\/leicht\/stellenangebot\/bundesfreiwilligendienst-bfd\/#main-content\" aria-label=\"Zum Stellenangebot Bundes&shy;freiwilligen&shy;dienst (BFD)\"><h2 class=\"title\">Bundes&shy;freiwilligen&shy;dienst (BFD)<\/h2><div class=\"info\"><div class=\"department\"><i class=\"material-icons\">work<\/i><span>Lebenshilfe<\/span><\/div><div class=\"location\"><i class=\"fas fa-flag\"><\/i><span>Axstedt, Holste, Lilienthal, Osterholz-Scharmbeck, Ritterhude<\/span><\/div><div class=\"working-hours\"><i class=\"fas fa-stopwatch\"><\/i><span>Vollzeit, Teilzeit<\/span><\/div><\/div><\/a><\/li><li class=\"job-item jobs\"\" data-slug=\"initiativbewerbung-m-w-d\"\" data-locations=\"[&quot;axstedt&quot;,&quot;grasberg&quot;,&quot;hambergen&quot;,&quot;holste&quot;,&quot;lilienthal&quot;,&quot;osterholzscharmbeck&quot;,&quot;schwanewede&quot;,&quot;worpswede&quot;,&quot;ritterhude&quot;]\"><a href=\"https:\/\/www.lebenshilfe-ohz.de\/leicht\/stellenangebot\/initiativbewerbung-m-w-d\/#main-content\" aria-label=\"Zum Stellenangebot Initiativbewerbung m\/w\/d\"><h2 class=\"title\">Initiativbewerbung m\/w\/d<\/h2><div class=\"info\"><div class=\"department\"><i class=\"material-icons\">work<\/i><span>Karriere<\/span><\/div><div class=\"location\"><i class=\"fas fa-flag\"><\/i><span>Axstedt, Grasberg, Hambergen, Holste, Lilienthal, Osterholz-Scharmbeck, Ritterhude, Schwanewede, Worpswede<\/span><\/div><div class=\"working-hours\"><i class=\"fas fa-stopwatch\"><\/i><span>Vollzeit, Teilzeit<\/span><\/div><\/div><\/a><\/li><\/ul><\/div><\/div><\/div><\/div><\/div><\/div><\/section><section class=\"l-section wpb_row height_custom\" id=\"bewerbungsprozess\"><div class=\"l-section-h i-cf\"><div class=\"g-cols vc_row via_flex valign_top type_default stacking_default\"><div class=\"vc_col-sm-12 wpb_column vc_column_container\"><div class=\"vc_column-inner\"><div class=\"wpb_wrapper\"><div class=\"lbh-heading\"><h3><span class=\"title\">Dein Weg zu uns<\/span><span class=\"subtitle\">Deine Bewerbung wird von uns mit h\u00f6chster Sorgfalt bearbeitet und gesichtet.<\/span><\/h3><\/div><section class=\"l-section wpb_row us_custom_19737bc8 height_custom\"><div class=\"l-section-h i-cf\"><div class=\"g-cols vc_row via_flex valign_top type_default stacking_default\"><div class=\"vc_col-sm-12 wpb_column vc_column_container\"><div class=\"vc_column-inner\"><div class=\"wpb_wrapper\"><div class=\"wpb_text_column\"><div class=\"wpb_wrapper\"><ol>\n<li>\n<h3>Eingangsbest\u00e4tigung<\/h3>\n<p>Sobald deine Bewerbung bei uns eingegangen ist, erh\u00e4ltst du in k\u00fcrzester Zeit eine Eingangsbest\u00e4tigung von uns.<\/li>\n<li>\n<h3>Erstes Kennenlernen<\/h3>\n<p>Innerhalb von 1-2 Tagen melden wir uns telefonisch bei dir, um erste Fragen zu kl\u00e4ren und einen Termin f\u00fcr ein pers\u00f6nliches Kennenlernen zu vereinbaren.<\/li>\n<li>\n<h3>Hospitation\/Vorstellungsgespr\u00e4ch<\/h3>\n<p>Die Hospitation und\/oder das Vorstellungsgespr\u00e4ch findet in der gew\u00fcnschten Einrichtung mit der jeweiligen Einrichtungsleitung statt.<\/li>\n<li>\n<h3>Feedback<\/h3>\n<p>Wir geben dir in der Regel innerhalb von wenigen Tagen nach deinem Vorstellungsgespr\u00e4ch eine R\u00fcckmeldung.<\/li>\n<\/ol>\n<\/div><\/div><\/div><\/div><\/div><\/div><\/div><\/section>\n<\/div><\/div><\/div><\/div><\/div><\/section><section class=\"l-section wpb_row us_custom_887a049b height_custom\"><div class=\"l-section-h i-cf\"><div class=\"g-cols vc_row via_flex valign_top type_default stacking_default\"><div class=\"vc_col-sm-12 wpb_column vc_column_container\"><div class=\"vc_column-inner\"><div class=\"wpb_wrapper\"><section class=\"l-section wpb_row height_custom\"><div class=\"l-section-h i-cf\"><div class=\"g-cols vc_row via_flex valign_top type_default stacking_default\"><div class=\"vc_col-sm-12 wpb_column vc_column_container\"><div class=\"vc_column-inner\"><div class=\"wpb_wrapper\"><div class=\"lbh_teaserbox\"style=\"background-color: #E4F0F9;\"><div class=\"body\"><h2 class=\"title\">Werde Teil der Lebenshilfe Osterholz<\/h2><div class=\"text\">Wir vertreten mit Leidenschaft die Grunds\u00e4tze der Inklusion und Teilhabe. Und unterst\u00fctzen Menschen mit und ohne Beeintr\u00e4chtigung sowie deren Angeh\u00f6rige. Dabei setzen wir auf Toleranz und einen respektvollen Umgang. Wir haben dich \u00fcberzeugt? Dann arbeite mit uns.<\/div><div class=\"btn-wrap\"><a href=\"https:\/\/www.lebenshilfe-ohz.de\/bewerbung\/#main-content\" class=\"w-btn us-btn-style_1\">Jetzt bewerben <\/a><\/div><\/div><\/div><\/div><\/div><\/div><\/div><\/div><\/section>\n<\/div><\/div><\/div><\/div><\/div><\/section>\n","protected":false},"excerpt":{"rendered":"Initiativbewerbung m\/w\/dworkBereich KarriereAxstedt, Grasberg, Hambergen, Holste, Lilienthal, Osterholz-Scharmbeck, Ritterhude, Schwanewede, WorpswedeVollzeit, Teilzeit, bis zu 10-39 StundenSei Du das Warum.Unser Team von Respekt, Vielfalt und Herz gepr\u00e4gt ist.Du findest aktuell keine passende Stelle bei uns? Kein Problem \u2013 wir freuen uns \u00fcber deine Initiativbewerbung! Ob in der Betreuung, Verwaltung, Hauswirtschaft oder einem ganz anderen Bereich: Vielleicht...","protected":false},"author":1,"featured_media":0,"parent":0,"menu_order":0,"comment_status":"closed","ping_status":"closed","template":"","meta":{"_acf_changed":false,"footnotes":""},"categories":[5],"class_list":["post-327","page","type-page","status-publish","hentry","category-jobs"],"acf":[],"yoast_head":"<!-- This site is optimized with the Yoast SEO plugin v26.0 - https:\/\/yoast.com\/wordpress\/plugins\/seo\/ -->\n<title>Offene Stellenangebote | Karriere bei der Lebenshilfe-OHZ<\/title>\n<meta name=\"description\" content=\"Werde Teil der Lebenshilfe Osterholz! Wir suchen (M\/W\/D): Erzieher \u2713 P\u00e4dagogische Fachkr\u00e4fte \u2713 Fr\u00fchf\u00f6rderer \u2713 Schulassistenz \u2713 u.v.m. Jetzt bewerben!\" \/>\n<meta name=\"robots\" content=\"index, follow, max-snippet:-1, max-image-preview:large, max-video-preview:-1\" \/>\n<link rel=\"canonical\" href=\"https:\/\/www.lebenshilfe-ohz.de\/stellenangebote\/\" \/>\n<meta property=\"og:locale\" content=\"de_DE\" \/>\n<meta property=\"og:type\" content=\"article\" \/>\n<meta property=\"og:title\" content=\"Offene Stellenangebote | Karriere bei der Lebenshilfe-OHZ\" \/>\n<meta property=\"og:description\" content=\"Werde Teil der Lebenshilfe Osterholz! Wir suchen (M\/W\/D): Erzieher \u2713 P\u00e4dagogische Fachkr\u00e4fte \u2713 Fr\u00fchf\u00f6rderer \u2713 Schulassistenz \u2713 u.v.m. Jetzt bewerben!\" \/>\n<meta property=\"og:url\" content=\"https:\/\/www.lebenshilfe-ohz.de\/stellenangebote\/\" \/>\n<meta property=\"og:site_name\" content=\"Lebenshilfe Osterholz\" \/>\n<meta property=\"article:modified_time\" content=\"2025-02-19T16:14:35+00:00\" \/>\n<meta name=\"twitter:card\" content=\"summary_large_image\" \/>\n<meta name=\"twitter:label1\" content=\"Est. reading time\" \/>\n\t<meta name=\"twitter:data1\" content=\"1 minute\" \/>\n<script type=\"application\/ld+json\" class=\"yoast-schema-graph\">{\"@context\":\"https:\/\/schema.org\",\"@graph\":[{\"@type\":\"WebPage\",\"@id\":\"https:\/\/www.lebenshilfe-ohz.de\/stellenangebote\/\",\"url\":\"https:\/\/www.lebenshilfe-ohz.de\/stellenangebote\/\",\"name\":\"Offene Stellenangebote | Karriere bei der Lebenshilfe-OHZ\",\"isPartOf\":{\"@id\":\"https:\/\/www.lebenshilfe-ohz.de\/#website\"},\"datePublished\":\"2025-02-11T11:06:37+00:00\",\"dateModified\":\"2025-02-19T16:14:35+00:00\",\"description\":\"Werde Teil der Lebenshilfe Osterholz! Wir suchen (M\/W\/D): Erzieher \u2713 P\u00e4dagogische Fachkr\u00e4fte \u2713 Fr\u00fchf\u00f6rderer \u2713 Schulassistenz \u2713 u.v.m. Jetzt bewerben!\",\"breadcrumb\":{\"@id\":\"https:\/\/www.lebenshilfe-ohz.de\/stellenangebote\/#breadcrumb\"},\"inLanguage\":\"de-LS\",\"potentialAction\":[{\"@type\":\"ReadAction\",\"target\":[\"https:\/\/www.lebenshilfe-ohz.de\/stellenangebote\/\"]}]},{\"@type\":\"BreadcrumbList\",\"@id\":\"https:\/\/www.lebenshilfe-ohz.de\/stellenangebote\/#breadcrumb\",\"itemListElement\":[{\"@type\":\"ListItem\",\"position\":1,\"name\":\"Startseite\",\"item\":\"https:\/\/www.lebenshilfe-ohz.de\/leicht\/\"},{\"@type\":\"ListItem\",\"position\":2,\"name\":\"Stellenangebote\"}]},{\"@type\":\"WebSite\",\"@id\":\"https:\/\/www.lebenshilfe-ohz.de\/#website\",\"url\":\"https:\/\/www.lebenshilfe-ohz.de\/\",\"name\":\"Lebenshilfe Osterholz\",\"description\":\"\",\"potentialAction\":[{\"@type\":\"SearchAction\",\"target\":{\"@type\":\"EntryPoint\",\"urlTemplate\":\"https:\/\/www.lebenshilfe-ohz.de\/?s={search_term_string}\"},\"query-input\":{\"@type\":\"PropertyValueSpecification\",\"valueRequired\":true,\"valueName\":\"search_term_string\"}}],\"inLanguage\":\"de-LS\"}]}<\/script>\n<!-- \/ Yoast SEO plugin. -->","yoast_head_json":{"title":"Offene Stellenangebote | Karriere bei der Lebenshilfe-OHZ","description":"Werde Teil der Lebenshilfe Osterholz! Wir suchen (M\/W\/D): Erzieher \u2713 P\u00e4dagogische Fachkr\u00e4fte \u2713 Fr\u00fchf\u00f6rderer \u2713 Schulassistenz \u2713 u.v.m. Jetzt bewerben!","robots":{"index":"index","follow":"follow","max-snippet":"max-snippet:-1","max-image-preview":"max-image-preview:large","max-video-preview":"max-video-preview:-1"},"canonical":"https:\/\/www.lebenshilfe-ohz.de\/stellenangebote\/","og_locale":"de_DE","og_type":"article","og_title":"Offene Stellenangebote | Karriere bei der Lebenshilfe-OHZ","og_description":"Werde Teil der Lebenshilfe Osterholz! Wir suchen (M\/W\/D): Erzieher \u2713 P\u00e4dagogische Fachkr\u00e4fte \u2713 Fr\u00fchf\u00f6rderer \u2713 Schulassistenz \u2713 u.v.m. Jetzt bewerben!","og_url":"https:\/\/www.lebenshilfe-ohz.de\/stellenangebote\/","og_site_name":"Lebenshilfe Osterholz","article_modified_time":"2025-02-19T16:14:35+00:00","twitter_card":"summary_large_image","twitter_misc":{"Est. reading time":"1 minute"},"schema":{"@context":"https:\/\/schema.org","@graph":[{"@type":"WebPage","@id":"https:\/\/www.lebenshilfe-ohz.de\/stellenangebote\/","url":"https:\/\/www.lebenshilfe-ohz.de\/stellenangebote\/","name":"Offene Stellenangebote | Karriere bei der Lebenshilfe-OHZ","isPartOf":{"@id":"https:\/\/www.lebenshilfe-ohz.de\/#website"},"datePublished":"2025-02-11T11:06:37+00:00","dateModified":"2025-02-19T16:14:35+00:00","description":"Werde Teil der Lebenshilfe Osterholz! Wir suchen (M\/W\/D): Erzieher \u2713 P\u00e4dagogische Fachkr\u00e4fte \u2713 Fr\u00fchf\u00f6rderer \u2713 Schulassistenz \u2713 u.v.m. Jetzt bewerben!","breadcrumb":{"@id":"https:\/\/www.lebenshilfe-ohz.de\/stellenangebote\/#breadcrumb"},"inLanguage":"de-LS","potentialAction":[{"@type":"ReadAction","target":["https:\/\/www.lebenshilfe-ohz.de\/stellenangebote\/"]}]},{"@type":"BreadcrumbList","@id":"https:\/\/www.lebenshilfe-ohz.de\/stellenangebote\/#breadcrumb","itemListElement":[{"@type":"ListItem","position":1,"name":"Startseite","item":"https:\/\/www.lebenshilfe-ohz.de\/leicht\/"},{"@type":"ListItem","position":2,"name":"Stellenangebote"}]},{"@type":"WebSite","@id":"https:\/\/www.lebenshilfe-ohz.de\/#website","url":"https:\/\/www.lebenshilfe-ohz.de\/","name":"Lebenshilfe Osterholz","description":"","potentialAction":[{"@type":"SearchAction","target":{"@type":"EntryPoint","urlTemplate":"https:\/\/www.lebenshilfe-ohz.de\/?s={search_term_string}"},"query-input":{"@type":"PropertyValueSpecification","valueRequired":true,"valueName":"search_term_string"}}],"inLanguage":"de-LS"}]}},"_links":{"self":[{"href":"https:\/\/www.lebenshilfe-ohz.de\/leicht\/wp-json\/wp\/v2\/pages\/327","targetHints":{"allow":["GET"]}}],"collection":[{"href":"https:\/\/www.lebenshilfe-ohz.de\/leicht\/wp-json\/wp\/v2\/pages"}],"about":[{"href":"https:\/\/www.lebenshilfe-ohz.de\/leicht\/wp-json\/wp\/v2\/types\/page"}],"author":[{"embeddable":true,"href":"https:\/\/www.lebenshilfe-ohz.de\/leicht\/wp-json\/wp\/v2\/users\/1"}],"replies":[{"embeddable":true,"href":"https:\/\/www.lebenshilfe-ohz.de\/leicht\/wp-json\/wp\/v2\/comments?post=327"}],"version-history":[{"count":12,"href":"https:\/\/www.lebenshilfe-ohz.de\/leicht\/wp-json\/wp\/v2\/pages\/327\/revisions"}],"predecessor-version":[{"id":1442,"href":"https:\/\/www.lebenshilfe-ohz.de\/leicht\/wp-json\/wp\/v2\/pages\/327\/revisions\/1442"}],"wp:attachment":[{"href":"https:\/\/www.lebenshilfe-ohz.de\/leicht\/wp-json\/wp\/v2\/media?parent=327"}],"wp:term":[{"taxonomy":"category","embeddable":true,"href":"https:\/\/www.lebenshilfe-ohz.de\/leicht\/wp-json\/wp\/v2\/categories?post=327"}],"curies":[{"name":"wp","href":"https:\/\/api.w.org\/{rel}","templated":true}]}}