{"id":27,"date":"2025-01-14T13:36:29","date_gmt":"2025-01-14T12:36:29","guid":{"rendered":"http:\/\/dev.lebenshilfe-ohz.de.w01ed883.kasserver.com\/?page_id=27"},"modified":"2025-05-13T11:16:25","modified_gmt":"2025-05-13T09:16:25","slug":"impressum","status":"publish","type":"page","link":"https:\/\/www.lebenshilfe-ohz.de\/leicht\/impressum\/","title":{"rendered":"Impressum"},"content":{"rendered":"<section class=\"l-section wpb_row us_custom_3188818e hide_on_default hide_on_laptops height_auto\"><div class=\"l-section-h i-cf\"><div class=\"g-cols vc_row via_flex valign_top type_default stacking_default\"><div class=\"vc_col-sm-12 wpb_column vc_column_container\"><div class=\"vc_column-inner\"><div class=\"wpb_wrapper\"><div class=\"lbh-lang-switch\"><div class=\"field-wrap\" data-href=\"https:\/\/www.lebenshilfe-ohz.de\/wp-json\/wp\/v2\/pages\/27\/\"><label for=\"lang_leicht\"><i class=\"icon icon-einfache-sprache\"><\/i>Leichte Sprache<\/label><input type=\"checkbox\" id=\"lang_leicht\" name=\"lang_leicht\" checked\/><\/div><\/div><\/div><\/div><\/div><\/div><\/div><\/section><section class=\"l-section wpb_row height_custom\"><div class=\"l-section-h i-cf\"><div class=\"g-cols vc_row via_flex valign_top type_default stacking_default\"><div class=\"vc_col-sm-12 wpb_column vc_column_container\"><div class=\"vc_column-inner\"><div class=\"wpb_wrapper\"><div class=\"wpb_text_column\"><div class=\"wpb_wrapper\"><h1>Impressum<\/h1>\n<\/div><\/div><\/div><\/div><\/div><\/div><\/div><\/section><section class=\"l-section wpb_row us_custom_887a049b height_custom\"><div class=\"l-section-h i-cf\"><div class=\"g-cols vc_row via_flex valign_top type_default stacking_default\"><div class=\"vc_col-sm-12 wpb_column vc_column_container\"><div class=\"vc_column-inner\"><div class=\"wpb_wrapper\"><div class=\"wpb_text_column\"><div class=\"wpb_wrapper\"><p>Lebenshilfe Osterholz gemeinn\u00fctzige GmbH<br \/>\nLoger Str. 35<br \/>\n27711 Osterholz \u2013 Scharmbeck<br \/>\nTelefon: <a href=\"tel:047919340810\">0 47 91 \/ 934 08 10<\/a><\/p>\n<p>E-Mail-Adresse: <a href=\"mailto:info@lebenshilfe-ohz.de\">info@lebenshilfe-ohz.de<\/a><br \/>\nInternetadresse: <a href=\"https:\/\/www.lebenshilfe-ohz.de\">https:\/\/www.lebenshilfe-ohz.de<\/a><\/p>\n<p>Gesch\u00e4ftsf\u00fchrer: Olaf Bargemann<br \/>\nAmtsgericht: Walsrode\u2028HRB: 121641<\/p>\n<p>V.i.S.d.P. Olaf Bargemann (Gesch\u00e4ftsf\u00fchrer)<\/p>\n<p>Konzeption, Gestaltung &amp; Umsetzung: <a href=\"https:\/\/www.agentur-plietsch.de\" target=\"_blank\" rel=\"noopener\">Plietsch GmbH<\/a>, Bremen<\/p>\n<p><span style=\"font-size: 1.2rem;\">Alle Inhalte dieser Internetseite sind urheberrechtlich gesch\u00fctzt.<\/span><\/p>\n<p>Auf unserer Internetseite haben wir in mehreren Rubriken verschiedene Links zu anderen Seiten im Internet angeboten. Wir betonen ausdr\u00fccklich, dass die auf den gelinkten Seiten wiedergegebenen Meinungs\u00e4u\u00dferungen und\/oder Tatsachenbehauptungen in der alleinigen Verantwortung des\/der jeweiligen Autors\/Autorin liegen und nicht die Meinung der Lebenshilfe Osterholz widerspiegeln und dass die Lebenshilfe Osterholz keinerlei Einfluss auf die Gestaltung und die Inhalte dieser Seiten hat.\u2028Wir distanzieren uns deshalb ausdr\u00fccklich von allen Inhalten der gelinkten Seiten und machen uns diese nicht zu eigen. Die Lebenshilfe Osterholz \u00fcbernimmt keine Verantwortung f\u00fcr irgendeinen speziellen, indirekten oder direkten Schaden oder irgendeinen anderen Schaden, wie auch immer er aus dem Gebrauch der Daten entstehen sollte.<\/p>\n<\/div><\/div><\/div><\/div><\/div><\/div><\/div><\/section>\n","protected":false},"excerpt":{"rendered":"Leichte SpracheImpressum Lebenshilfe Osterholz gemeinn\u00fctzige GmbH Loger Str. 35 27711 Osterholz \u2013 Scharmbeck Telefon: 0 47 91 \/ 934 08 10 E-Mail-Adresse: info@lebenshilfe-ohz.de Internetadresse: https:\/\/www.lebenshilfe-ohz.de Gesch\u00e4ftsf\u00fchrer: Olaf Bargemann Amtsgericht: Walsrode\u2028HRB: 121641 V.i.S.d.P. Olaf Bargemann (Gesch\u00e4ftsf\u00fchrer) Konzeption, Gestaltung &amp; Umsetzung: Plietsch GmbH, Bremen Alle Inhalte dieser Internetseite sind urheberrechtlich gesch\u00fctzt. Auf unserer Internetseite haben wir in...","protected":false},"author":1,"featured_media":0,"parent":0,"menu_order":0,"comment_status":"closed","ping_status":"closed","template":"","meta":{"_acf_changed":false,"footnotes":""},"categories":[4],"class_list":["post-27","page","type-page","status-publish","hentry","category-lebenshilfe"],"acf":[],"yoast_head":"<!-- This site is optimized with the Yoast SEO plugin v26.0 - https:\/\/yoast.com\/wordpress\/plugins\/seo\/ -->\n<title>Impressum | Lebenshilfe Osterholz<\/title>\n<meta name=\"robots\" content=\"index, follow, max-snippet:-1, max-image-preview:large, max-video-preview:-1\" \/>\n<link rel=\"canonical\" href=\"https:\/\/www.lebenshilfe-ohz.de\/impressum\/\" \/>\n<meta property=\"og:locale\" content=\"de_DE\" \/>\n<meta property=\"og:type\" content=\"article\" \/>\n<meta property=\"og:title\" content=\"Impressum | Lebenshilfe Osterholz\" \/>\n<meta property=\"og:url\" content=\"https:\/\/www.lebenshilfe-ohz.de\/impressum\/\" \/>\n<meta property=\"og:site_name\" content=\"Lebenshilfe Osterholz\" \/>\n<meta property=\"article:modified_time\" content=\"2025-05-13T09:16:25+00:00\" \/>\n<meta name=\"twitter:card\" content=\"summary_large_image\" \/>\n<meta name=\"twitter:label1\" content=\"Est. reading time\" \/>\n\t<meta name=\"twitter:data1\" content=\"1 minute\" \/>\n<script type=\"application\/ld+json\" class=\"yoast-schema-graph\">{\"@context\":\"https:\/\/schema.org\",\"@graph\":[{\"@type\":\"WebPage\",\"@id\":\"https:\/\/www.lebenshilfe-ohz.de\/impressum\/\",\"url\":\"https:\/\/www.lebenshilfe-ohz.de\/impressum\/\",\"name\":\"Impressum | Lebenshilfe Osterholz\",\"isPartOf\":{\"@id\":\"https:\/\/www.lebenshilfe-ohz.de\/#website\"},\"datePublished\":\"2025-01-14T12:36:29+00:00\",\"dateModified\":\"2025-05-13T09:16:25+00:00\",\"breadcrumb\":{\"@id\":\"https:\/\/www.lebenshilfe-ohz.de\/impressum\/#breadcrumb\"},\"inLanguage\":\"de-LS\",\"potentialAction\":[{\"@type\":\"ReadAction\",\"target\":[\"https:\/\/www.lebenshilfe-ohz.de\/impressum\/\"]}]},{\"@type\":\"BreadcrumbList\",\"@id\":\"https:\/\/www.lebenshilfe-ohz.de\/impressum\/#breadcrumb\",\"itemListElement\":[{\"@type\":\"ListItem\",\"position\":1,\"name\":\"Startseite\",\"item\":\"https:\/\/www.lebenshilfe-ohz.de\/leicht\/\"},{\"@type\":\"ListItem\",\"position\":2,\"name\":\"Impressum\"}]},{\"@type\":\"WebSite\",\"@id\":\"https:\/\/www.lebenshilfe-ohz.de\/#website\",\"url\":\"https:\/\/www.lebenshilfe-ohz.de\/\",\"name\":\"Lebenshilfe Osterholz\",\"description\":\"\",\"potentialAction\":[{\"@type\":\"SearchAction\",\"target\":{\"@type\":\"EntryPoint\",\"urlTemplate\":\"https:\/\/www.lebenshilfe-ohz.de\/?s={search_term_string}\"},\"query-input\":{\"@type\":\"PropertyValueSpecification\",\"valueRequired\":true,\"valueName\":\"search_term_string\"}}],\"inLanguage\":\"de-LS\"}]}<\/script>\n<!-- \/ Yoast SEO plugin. -->","yoast_head_json":{"title":"Impressum | Lebenshilfe Osterholz","robots":{"index":"index","follow":"follow","max-snippet":"max-snippet:-1","max-image-preview":"max-image-preview:large","max-video-preview":"max-video-preview:-1"},"canonical":"https:\/\/www.lebenshilfe-ohz.de\/impressum\/","og_locale":"de_DE","og_type":"article","og_title":"Impressum | Lebenshilfe Osterholz","og_url":"https:\/\/www.lebenshilfe-ohz.de\/impressum\/","og_site_name":"Lebenshilfe Osterholz","article_modified_time":"2025-05-13T09:16:25+00:00","twitter_card":"summary_large_image","twitter_misc":{"Est. reading time":"1 minute"},"schema":{"@context":"https:\/\/schema.org","@graph":[{"@type":"WebPage","@id":"https:\/\/www.lebenshilfe-ohz.de\/impressum\/","url":"https:\/\/www.lebenshilfe-ohz.de\/impressum\/","name":"Impressum | Lebenshilfe Osterholz","isPartOf":{"@id":"https:\/\/www.lebenshilfe-ohz.de\/#website"},"datePublished":"2025-01-14T12:36:29+00:00","dateModified":"2025-05-13T09:16:25+00:00","breadcrumb":{"@id":"https:\/\/www.lebenshilfe-ohz.de\/impressum\/#breadcrumb"},"inLanguage":"de-LS","potentialAction":[{"@type":"ReadAction","target":["https:\/\/www.lebenshilfe-ohz.de\/impressum\/"]}]},{"@type":"BreadcrumbList","@id":"https:\/\/www.lebenshilfe-ohz.de\/impressum\/#breadcrumb","itemListElement":[{"@type":"ListItem","position":1,"name":"Startseite","item":"https:\/\/www.lebenshilfe-ohz.de\/leicht\/"},{"@type":"ListItem","position":2,"name":"Impressum"}]},{"@type":"WebSite","@id":"https:\/\/www.lebenshilfe-ohz.de\/#website","url":"https:\/\/www.lebenshilfe-ohz.de\/","name":"Lebenshilfe Osterholz","description":"","potentialAction":[{"@type":"SearchAction","target":{"@type":"EntryPoint","urlTemplate":"https:\/\/www.lebenshilfe-ohz.de\/?s={search_term_string}"},"query-input":{"@type":"PropertyValueSpecification","valueRequired":true,"valueName":"search_term_string"}}],"inLanguage":"de-LS"}]}},"_links":{"self":[{"href":"https:\/\/www.lebenshilfe-ohz.de\/leicht\/wp-json\/wp\/v2\/pages\/27","targetHints":{"allow":["GET"]}}],"collection":[{"href":"https:\/\/www.lebenshilfe-ohz.de\/leicht\/wp-json\/wp\/v2\/pages"}],"about":[{"href":"https:\/\/www.lebenshilfe-ohz.de\/leicht\/wp-json\/wp\/v2\/types\/page"}],"author":[{"embeddable":true,"href":"https:\/\/www.lebenshilfe-ohz.de\/leicht\/wp-json\/wp\/v2\/users\/1"}],"replies":[{"embeddable":true,"href":"https:\/\/www.lebenshilfe-ohz.de\/leicht\/wp-json\/wp\/v2\/comments?post=27"}],"version-history":[{"count":9,"href":"https:\/\/www.lebenshilfe-ohz.de\/leicht\/wp-json\/wp\/v2\/pages\/27\/revisions"}],"predecessor-version":[{"id":1590,"href":"https:\/\/www.lebenshilfe-ohz.de\/leicht\/wp-json\/wp\/v2\/pages\/27\/revisions\/1590"}],"wp:attachment":[{"href":"https:\/\/www.lebenshilfe-ohz.de\/leicht\/wp-json\/wp\/v2\/media?parent=27"}],"wp:term":[{"taxonomy":"category","embeddable":true,"href":"https:\/\/www.lebenshilfe-ohz.de\/leicht\/wp-json\/wp\/v2\/categories?post=27"}],"curies":[{"name":"wp","href":"https:\/\/api.w.org\/{rel}","templated":true}]}}