{"id":1066,"date":"2025-01-14T13:36:03","date_gmt":"2025-01-14T12:36:03","guid":{"rendered":"http:\/\/dev.lebenshilfe-ohz.de.w01ed883.kasserver.com\/wohnen\/"},"modified":"2025-02-19T17:18:08","modified_gmt":"2025-02-19T16:18:08","slug":"wohnen","status":"publish","type":"page","link":"https:\/\/www.lebenshilfe-ohz.de\/leicht\/wohnen\/","title":{"rendered":"Wohnen"},"content":{"rendered":"<section class=\"l-section wpb_row us_custom_3188818e hide_on_default hide_on_laptops height_auto\"><div class=\"l-section-h i-cf\"><div class=\"g-cols vc_row via_flex valign_top type_default stacking_default\"><div class=\"vc_col-sm-12 wpb_column vc_column_container\"><div class=\"vc_column-inner\"><div class=\"wpb_wrapper\"><div class=\"lbh-lang-switch\"><div class=\"field-wrap\" data-href=\"https:\/\/www.lebenshilfe-ohz.de\/wp-json\/wp\/v2\/pages\/1066\/\"><label for=\"lang_leicht\"><i class=\"icon icon-einfache-sprache\"><\/i>Leichte Sprache<\/label><input type=\"checkbox\" id=\"lang_leicht\" name=\"lang_leicht\" checked\/><\/div><\/div><\/div><\/div><\/div><\/div><\/div><\/section><section class=\"l-section wpb_row us_custom_19737bc8 height_custom\"><div class=\"l-section-h i-cf\"><div class=\"g-cols vc_row via_flex valign_top type_default stacking_default\"><div class=\"vc_col-sm-12 wpb_column vc_column_container\"><div class=\"vc_column-inner\"><div class=\"wpb_wrapper\"><div class=\"w-hwrapper lbh-breadcrumb valign_middle wrap align_none\"><div class=\"wpb_text_column\"><div class=\"wpb_wrapper\"><p><strong>Wohnen<\/strong><\/p>\n<\/div><\/div><div class=\"wpb_text_column\"><div class=\"wpb_wrapper\"><p><a href=\"#wohngemeinschaften\">Wohngemeinschaften<\/a> | <a href=\"#wohnassistenz\">Wohnassistenz<\/a> | <a href=\"#vorteile\">Vorteile<\/a> | <a href=\"#impressionen\">Impressionen<\/a><\/p>\n<\/div><\/div><\/div><\/div><\/div><\/div><\/div><\/div><\/section><section class=\"l-section wpb_row height_custom\"><div class=\"l-section-h i-cf\"><div class=\"g-cols vc_row via_flex valign_top type_default stacking_default\"><div class=\"vc_col-sm-12 wpb_column vc_column_container\"><div class=\"vc_column-inner\"><div class=\"wpb_wrapper\"><div class=\"lbh-heading\"><h1><span class=\"title\">Wohlf\u00fchlorte.<\/span><span class=\"subtitle\">Ohne Einschr\u00e4nkungen.<\/span><\/h1><\/div><div class=\"wpb_text_column us_custom_0899b7cd\"><div class=\"wpb_wrapper\"><p>Wohnen hei\u00dft: zuhause sein. Wir geben Menschen mit Behinderung einen Ort, an dem sie gerne sind. Der Geborgenheit und Sicherheit schenkt. Daf\u00fcr bieten wir drei verschiedene Wohnformen im Landkreis Osterholz an. Lieblingspl\u00e4tze zum Wohlf\u00fchlen, an denen sich Menschen verwirklichen, zur\u00fcckziehen, mit Familie und Freunden treffen \u2013 und einen erf\u00fcllten, selbstbestimmten Alltag f\u00fchren k\u00f6nnen. Denn genau das wollen wir erreichen: Normalit\u00e4t, erm\u00f6glicht durch pers\u00f6nliche Unterst\u00fctzungsangebote und individuelle Begleitung<\/p>\n<\/div><\/div><\/div><\/div><\/div><\/div><\/div><\/section><section class=\"l-section wpb_row height_custom\" id=\"wohngemeinschaften\"><div class=\"l-section-h i-cf\"><div class=\"g-cols vc_row via_flex valign_top type_default stacking_default\"><div class=\"vc_col-sm-12 wpb_column vc_column_container\"><div class=\"vc_column-inner\"><div class=\"wpb_wrapper\"><div class=\"lbh-heading\"><h2><span class=\"title\">Unsere Wohngemeinschaften:<\/span><span class=\"subtitle\">Individuell, eigenst\u00e4ndig, lebhaft<\/span><\/h2><\/div><div class=\"wpb_text_column us_custom_0899b7cd\"><div class=\"wpb_wrapper\"><p>Zuhause? Ist es am sch\u00f6nsten. Vor allem, wenn man es mit Menschen teilen kann, die man gern hat \u2013 zum Beispiel in unseren Wohngemeinschaften: In f\u00fcnf zentral gelegenen H\u00e4usern in Osterholz-Scharmbeck und einem Einfamilienhaus in Lilienthal bieten wir insgesamt 44 Wohnpl\u00e4tze. Hier leben jeweils sechs bis neun Frauen und M\u00e4nner zusammen und gestalten ihren Alltag gemeinsam. Das hei\u00dft: Sie kochen, putzen, erleben und lachen zusammen \u2013 und haben trotzdem einen R\u00fcckzugsort in ihrem eigenen Zimmer. Einige Zimmer haben auch ein eigenes Bad, eine K\u00fcchenzeile und einen Balkon.<\/p>\n<p>Ein Ort f\u00fcr Erwachsene mit Behinderung, die einen gro\u00dfen Teil ihres Alltags eigenst\u00e4ndig leben. F\u00fcr alles andere gibt es unsere t\u00e4gliche p\u00e4dagogische Begleitung, einen Fr\u00fchdienst f\u00fcr individuelle morgendliche Bedarfe und eine Rufbereitschaft f\u00fcr die Nacht.<\/p>\n<\/div><\/div><\/div><\/div><\/div><\/div><\/div><\/section><section class=\"l-section wpb_row height_custom\" id=\"wohnassistenz\"><div class=\"l-section-h i-cf\"><div class=\"g-cols vc_row via_flex valign_top type_default stacking_default\"><div class=\"vc_col-sm-12 wpb_column vc_column_container\"><div class=\"vc_column-inner\"><div class=\"wpb_wrapper\"><div class=\"lbh-heading\"><h2><span class=\"title\">Unsere Wohn-Assistenz:<\/span><span class=\"subtitle\">Ambulant, p\u00e4dagogisch, wertvoll<\/span><\/h2><\/div><div class=\"wpb_text_column us_custom_0899b7cd\"><div class=\"wpb_wrapper\"><p>Haushaltsf\u00fchrung, Umgang mit Geld, soziale Kontakte, Krisenbew\u00e4ltigung: Unsere Assistenz beim Wohnen (AbW) hilft \u00fcberall dort, wo Menschen mit k\u00f6rperlichen und\/oder geistigen Beeintr\u00e4chtigungen Unterst\u00fctzung brauchen. Eine ambulante p\u00e4dagogische Begleitung, die wir im Rahmen der Eingliederungshilfe anbieten, um gesellschaftliche Teilhabe zu erm\u00f6glichen. Unsere p\u00e4dagogischen Mitarbeitenden richten sich nach den pers\u00f6nlichen Bed\u00fcrfnissen unserer Klientinnen und Klienten, ihren F\u00e4higkeiten und den \u00f6rtlichen Gegebenheiten.<\/p>\n<p>Das hei\u00dft: Wir sind da, wenn wir gebraucht werden \u2013 stundenweise, an einzelnen Tagen in der Woche. Damit die Menschen, die wir begleiten, selbstbestimmt leben k\u00f6nnen. Ganz individuell, ob in der eigenen Wohnung, als Paar oder in einer Wohngemeinschaft.<\/p>\n<\/div><\/div><\/div><\/div><\/div><\/div><\/div><\/section><section class=\"l-section wpb_row height_custom\" id=\"vorteile\"><div class=\"l-section-h i-cf\"><div class=\"g-cols vc_row via_flex valign_top type_default stacking_default\"><div class=\"vc_col-sm-12 wpb_column vc_column_container\"><div class=\"vc_column-inner\"><div class=\"wpb_wrapper\"><div class=\"lbh-heading\"><h2><span class=\"title\">Selbstst\u00e4ndig wohnen.<\/span><span class=\"subtitle\">Gemeinschaftlich leben.<\/span><\/h2><\/div><div class=\"wpb_text_column us_custom_0899b7cd\"><div class=\"wpb_wrapper\"><p><span data-metadata=\"&lt;!--(figmeta)eyJmaWxlS2V5IjoiN21EclNsN2wyMjZFY0ViYzNwQXVBMCIsInBhc3RlSUQiOjc5OTI0NzE5LCJkYXRhVHlwZSI6InNjZW5lIn0K(\/figmeta)--&gt;\"><\/span>Wohnen ist bei uns viel mehr als nur ein Dach \u00fcber dem Kopf: Hier findet Leben in allen Facetten statt.<br \/>\n<strong>Und das sind die Gr\u00fcnde, warum Menschen mit Behinderung gerne bei uns leben:<\/strong><\/p>\n<\/div><\/div><div class=\"wpb_text_column us_custom_06416c71\"><div class=\"wpb_wrapper\"><ul>\n<li>\n<h4>Wir sind da:<\/h4>\n<p>Je nach Wohnkonzept sind unsere p\u00e4dagogischen Mitarbeitenden kleine oder gro\u00dfe Unterst\u00fctzer im Alltag. Menschen mit dem Herz am rechten Fleck, die unterst\u00fctzen, begleiten und erm\u00f6glichen.<\/li>\n<li>\n<h4>Wir halten zusammen:<\/h4>\n<p>Nat\u00fcrlich gibt es im Alltag auch mal Konflikte und schlechte Zeiten. Wir haben immer ein offenes Ohr und eine passende L\u00f6sung.<\/li>\n<li>\n<h4>Wir kennen uns aus:<\/h4>\n<p>Beh\u00f6rden, \u00c4rzte, Anlaufstellen: Als Lebenshilfe Osterholz sind wir gut vernetzt und finden f\u00fcr viele Fragen eine L\u00f6sung. Deswegen k\u00f6nnen wir unsere Bewohner und ihre Angeh\u00f6rigen nicht nur informieren, sondern auch beraten.<\/li>\n<li>\n<h4>Wir setzen auf Beziehungen:<\/h4>\n<p>Und zwar nicht nur untereinander. Deswegen helfen wir Menschen mit Behinderung, den Kontakt zur Familie zu halten.<\/li>\n<\/ul>\n<\/div><\/div><\/div><\/div><\/div><\/div><\/div><\/section><section class=\"l-section wpb_row height_custom\"><div class=\"l-section-h i-cf\"><div class=\"g-cols vc_row via_flex valign_top type_default stacking_default\"><div class=\"vc_col-sm-12 wpb_column vc_column_container\"><div class=\"vc_column-inner\"><div class=\"wpb_wrapper\"><div class=\"lbh_teaserbox\"style=\"background-color: var(--color-hellgruen-extrahell);\"><div class=\"body\"><h2 class=\"title\">Interesse an einem Wohnplatz?<\/h2><div class=\"text\">Wir haben Platz zum Leben \u2013 und sprechen gerne dar\u00fcber: Einfach anrufen und in einem ersten Telefongespr\u00e4ch kl\u00e4ren, ob es ein passendes Angebot gibt. Anschlie\u00dfend lernen wir uns pers\u00f6nlich kennen, beraten zu unseren Wohnkonzepten und informieren zu den Kosten sowie einer m\u00f6glichen Kosten\u00fcbernahme durch einen Tr\u00e4ger. Dann hei\u00dft es: Probewohnen! Und wenn alles passt, kann der n\u00e4chste Lebensabschnitt im eigenen neuen Zuhause beginnen.<\/div><\/div><\/div><\/div><\/div><\/div><\/div><\/div><\/section><section class=\"l-section wpb_row height_custom\"><div class=\"l-section-h i-cf\"><div class=\"g-cols vc_row via_flex valign_top type_default stacking_default\"><div class=\"vc_col-sm-12 wpb_column vc_column_container\"><div class=\"vc_column-inner\"><div class=\"wpb_wrapper\"><div class=\"w-content-carousel items_1 us_custom_f58a0cb9\"><div class=\"owl-carousel valign_stretch dotstyle_circle navstyle_circle navpos_outside owl-responsive-2000 with_dots with_arrows\" style=\"--items-gap:30px;--transition-duration:350ms;--arrows-size:1.5rem;\" onclick=\"return {&quot;aria_labels&quot;:{&quot;prev&quot;:&quot;Previous&quot;,&quot;next&quot;:&quot;Next&quot;},&quot;autoplayContinual&quot;:false,&quot;autoplayHoverPause&quot;:false,&quot;autoplayTimeout&quot;:3000,&quot;autoWidth&quot;:false,&quot;smartSpeed&quot;:350,&quot;margin&quot;:30,&quot;mouseDrag&quot;:true,&quot;rtl&quot;:false,&quot;slideBy&quot;:&quot;1&quot;,&quot;touchDrag&quot;:true,&quot;slideTransition&quot;:&quot;&quot;,&quot;responsive&quot;:{&quot;0&quot;:{&quot;autoHeight&quot;:false,&quot;autoplay&quot;:false,&quot;autoWidth&quot;:false,&quot;center&quot;:false,&quot;dots&quot;:true,&quot;items&quot;:1,&quot;loop&quot;:true,&quot;nav&quot;:true,&quot;stagePadding&quot;:0,&quot;slideBy&quot;:&quot;1&quot;},&quot;601&quot;:{&quot;autoHeight&quot;:false,&quot;autoplay&quot;:false,&quot;autoWidth&quot;:false,&quot;center&quot;:false,&quot;dots&quot;:true,&quot;items&quot;:1,&quot;loop&quot;:true,&quot;nav&quot;:true,&quot;stagePadding&quot;:0}}}\"><div class=\"w-vwrapper align_center valign_middle\"><div class=\"wpb_text_column us_custom_8a849b3a\"><div class=\"wpb_wrapper\"><p style=\"text-align: center;\">\u201eUnsere Wohnkonzepte bieten Vielfalt f\u00fcr ein eigenst\u00e4ndiges Leben \u2013 und Eigenst\u00e4ndigkeit f\u00fcr einen vielf\u00e4ltigen Alltag.\u201c<\/p>\n<\/div><\/div><div class=\"wpb_text_column\"><div class=\"wpb_wrapper\"><p style=\"text-align: center;\">\u2013 Gerrit Engelmann, Heimleitung Wohngruppen<\/p>\n<\/div><\/div><\/div><div class=\"w-vwrapper align_center valign_middle\"><div class=\"wpb_text_column us_custom_8a849b3a\"><div class=\"wpb_wrapper\"><p style=\"text-align: center;\">\u201eIch bin sehr stolz darauf, dass es vielen Menschen gut bei uns geht. Viele sind selbstbewusster geworden und haben sich toll entwickelt.\u201c<\/p>\n<\/div><\/div><div class=\"wpb_text_column\"><div class=\"wpb_wrapper\"><p style=\"text-align: center;\">\u2013 Gerrit Engelmann, Heimleitung Wohngruppen<\/p>\n<\/div><\/div><\/div><\/div><\/div><\/div><\/div><\/div><\/div><\/div><\/section><section class=\"l-section wpb_row height_custom\" id=\"impressionen\"><div class=\"l-section-h i-cf\"><div class=\"g-cols vc_row via_flex valign_top type_default stacking_default\"><div class=\"vc_col-sm-12 wpb_column vc_column_container\"><div class=\"vc_column-inner\"><div class=\"wpb_wrapper\"><div class=\"wpb_text_column us_custom_4c5c2bc8 has_text_color\"><div class=\"wpb_wrapper\"><p>Impressionen Lebenshilfe Osterholz<\/p>\n<\/div><\/div><div class=\"w-gallery fit_cover type_grid action_popup_image ratio_1x1 count_8\" style=\"--columns:4;--items-gap:32px;\"><div class=\"w-gallery-list\"><div class=\"w-gallery-item\"><div class=\"w-gallery-item-img\"><img loading=\"lazy\" decoding=\"async\" width=\"1024\" height=\"576\" src=\"https:\/\/www.lebenshilfe-ohz.de\/wp-content\/uploads\/2025\/02\/Wohnen_3-1024x576.jpg\" class=\"attachment-large size-large\" alt=\"Pinnwand, die in drei Spalten aufgeteilt ist f\u00fcr Aufgaben am Freitag, Samstag und Sonntag\" srcset=\"https:\/\/www.lebenshilfe-ohz.de\/wp-content\/uploads\/2025\/02\/Wohnen_3-1024x576.jpg 1024w, https:\/\/www.lebenshilfe-ohz.de\/wp-content\/uploads\/2025\/02\/Wohnen_3-300x169.jpg 300w, https:\/\/www.lebenshilfe-ohz.de\/wp-content\/uploads\/2025\/02\/Wohnen_3.jpg 1280w\" sizes=\"auto, (max-width: 1024px) 100vw, 1024px\" \/><\/div><a class=\"w-gallery-item-link\" aria-label=\"Pinnwand, die in drei Spalten aufgeteilt ist f\u00fcr Aufgaben am Freitag, Samstag und Sonntag\" href=\"https:\/\/www.lebenshilfe-ohz.de\/wp-content\/uploads\/2025\/02\/Wohnen_3.jpg\"><\/a><\/div><div class=\"w-gallery-item\"><div class=\"w-gallery-item-img\"><img loading=\"lazy\" decoding=\"async\" width=\"1024\" height=\"576\" src=\"https:\/\/www.lebenshilfe-ohz.de\/wp-content\/uploads\/2025\/02\/Wohnen_4-1024x576.jpg\" class=\"attachment-large size-large\" alt=\"Bewohner beim Zeichnen\" srcset=\"https:\/\/www.lebenshilfe-ohz.de\/wp-content\/uploads\/2025\/02\/Wohnen_4-1024x576.jpg 1024w, https:\/\/www.lebenshilfe-ohz.de\/wp-content\/uploads\/2025\/02\/Wohnen_4-300x169.jpg 300w, https:\/\/www.lebenshilfe-ohz.de\/wp-content\/uploads\/2025\/02\/Wohnen_4.jpg 1280w\" sizes=\"auto, (max-width: 1024px) 100vw, 1024px\" \/><\/div><a class=\"w-gallery-item-link\" aria-label=\"Bewohner beim Zeichnen\" href=\"https:\/\/www.lebenshilfe-ohz.de\/wp-content\/uploads\/2025\/02\/Wohnen_4.jpg\"><\/a><\/div><div class=\"w-gallery-item\"><div class=\"w-gallery-item-img\"><img loading=\"lazy\" decoding=\"async\" width=\"1024\" height=\"576\" src=\"https:\/\/www.lebenshilfe-ohz.de\/wp-content\/uploads\/2025\/02\/Wohnen_5-1024x576.jpg\" class=\"attachment-large size-large\" alt=\"Leinwand mit abstrakter Kunst h\u00e4ngt an einer orange gestrichenen Wand\" srcset=\"https:\/\/www.lebenshilfe-ohz.de\/wp-content\/uploads\/2025\/02\/Wohnen_5-1024x576.jpg 1024w, https:\/\/www.lebenshilfe-ohz.de\/wp-content\/uploads\/2025\/02\/Wohnen_5-300x169.jpg 300w, https:\/\/www.lebenshilfe-ohz.de\/wp-content\/uploads\/2025\/02\/Wohnen_5.jpg 1280w\" sizes=\"auto, (max-width: 1024px) 100vw, 1024px\" \/><\/div><a class=\"w-gallery-item-link\" aria-label=\"Leinwand mit abstrakter Kunst h\u00e4ngt an einer orange gestrichenen Wand\" href=\"https:\/\/www.lebenshilfe-ohz.de\/wp-content\/uploads\/2025\/02\/Wohnen_5.jpg\"><\/a><\/div><div class=\"w-gallery-item\"><div class=\"w-gallery-item-img\"><img loading=\"lazy\" decoding=\"async\" width=\"1024\" height=\"576\" src=\"https:\/\/www.lebenshilfe-ohz.de\/wp-content\/uploads\/2025\/02\/Wohnen_6-1024x576.jpg\" class=\"attachment-large size-large\" alt=\"Eine wei\u00dfe K\u00fcchenzeile, die \u00fcber Eck geht\" srcset=\"https:\/\/www.lebenshilfe-ohz.de\/wp-content\/uploads\/2025\/02\/Wohnen_6-1024x576.jpg 1024w, https:\/\/www.lebenshilfe-ohz.de\/wp-content\/uploads\/2025\/02\/Wohnen_6-300x169.jpg 300w, https:\/\/www.lebenshilfe-ohz.de\/wp-content\/uploads\/2025\/02\/Wohnen_6.jpg 1280w\" sizes=\"auto, (max-width: 1024px) 100vw, 1024px\" \/><\/div><a class=\"w-gallery-item-link\" aria-label=\"Eine wei\u00dfe K\u00fcchenzeile, die \u00fcber Eck geht\" href=\"https:\/\/www.lebenshilfe-ohz.de\/wp-content\/uploads\/2025\/02\/Wohnen_6.jpg\"><\/a><\/div><div class=\"w-gallery-item\"><div class=\"w-gallery-item-img\"><img loading=\"lazy\" decoding=\"async\" width=\"1024\" height=\"576\" src=\"https:\/\/www.lebenshilfe-ohz.de\/wp-content\/uploads\/2025\/02\/Wohnen_7-1024x576.jpg\" class=\"attachment-large size-large\" alt=\"Nahaufnahme von Gesellschaftsspielen\" srcset=\"https:\/\/www.lebenshilfe-ohz.de\/wp-content\/uploads\/2025\/02\/Wohnen_7-1024x576.jpg 1024w, https:\/\/www.lebenshilfe-ohz.de\/wp-content\/uploads\/2025\/02\/Wohnen_7-300x169.jpg 300w, https:\/\/www.lebenshilfe-ohz.de\/wp-content\/uploads\/2025\/02\/Wohnen_7.jpg 1280w\" sizes=\"auto, (max-width: 1024px) 100vw, 1024px\" \/><\/div><a class=\"w-gallery-item-link\" aria-label=\"Nahaufnahme von Gesellschaftsspielen\" href=\"https:\/\/www.lebenshilfe-ohz.de\/wp-content\/uploads\/2025\/02\/Wohnen_7.jpg\"><\/a><\/div><div class=\"w-gallery-item\"><div class=\"w-gallery-item-img\"><img loading=\"lazy\" decoding=\"async\" width=\"1024\" height=\"576\" src=\"https:\/\/www.lebenshilfe-ohz.de\/wp-content\/uploads\/2025\/02\/Wohnen_8-1024x576.jpg\" class=\"attachment-large size-large\" alt=\"Ein Bewohner zeigt seine Minifiguren und schaut in die Kamera\" srcset=\"https:\/\/www.lebenshilfe-ohz.de\/wp-content\/uploads\/2025\/02\/Wohnen_8-1024x576.jpg 1024w, https:\/\/www.lebenshilfe-ohz.de\/wp-content\/uploads\/2025\/02\/Wohnen_8-300x169.jpg 300w, https:\/\/www.lebenshilfe-ohz.de\/wp-content\/uploads\/2025\/02\/Wohnen_8.jpg 1280w\" sizes=\"auto, (max-width: 1024px) 100vw, 1024px\" \/><\/div><a class=\"w-gallery-item-link\" aria-label=\"Ein Bewohner zeigt seine Minifiguren und schaut in die Kamera\" href=\"https:\/\/www.lebenshilfe-ohz.de\/wp-content\/uploads\/2025\/02\/Wohnen_8.jpg\"><\/a><\/div><div class=\"w-gallery-item\"><div class=\"w-gallery-item-img\"><img loading=\"lazy\" decoding=\"async\" width=\"1024\" height=\"648\" src=\"https:\/\/www.lebenshilfe-ohz.de\/wp-content\/uploads\/2025\/02\/Wohnen_1-1024x648.jpg\" class=\"attachment-large size-large\" alt=\"Ein Whiteboard mit Uhrzeiten und Aufgaben in der Wohngemeinschaft\" srcset=\"https:\/\/www.lebenshilfe-ohz.de\/wp-content\/uploads\/2025\/02\/Wohnen_1-1024x648.jpg 1024w, https:\/\/www.lebenshilfe-ohz.de\/wp-content\/uploads\/2025\/02\/Wohnen_1-300x190.jpg 300w, https:\/\/www.lebenshilfe-ohz.de\/wp-content\/uploads\/2025\/02\/Wohnen_1.jpg 1137w\" sizes=\"auto, (max-width: 1024px) 100vw, 1024px\" \/><\/div><a class=\"w-gallery-item-link\" aria-label=\"Ein Whiteboard mit Uhrzeiten und Aufgaben in der Wohngemeinschaft\" href=\"https:\/\/www.lebenshilfe-ohz.de\/wp-content\/uploads\/2025\/02\/Wohnen_1.jpg\"><\/a><\/div><div class=\"w-gallery-item\"><div class=\"w-gallery-item-img\"><img loading=\"lazy\" decoding=\"async\" width=\"1024\" height=\"576\" src=\"https:\/\/www.lebenshilfe-ohz.de\/wp-content\/uploads\/2025\/02\/Wohnen_2-1024x576.jpg\" class=\"attachment-large size-large\" alt=\"Nahaufnahme von Kochb\u00fcchern in einem B\u00fccherregal\" srcset=\"https:\/\/www.lebenshilfe-ohz.de\/wp-content\/uploads\/2025\/02\/Wohnen_2-1024x576.jpg 1024w, https:\/\/www.lebenshilfe-ohz.de\/wp-content\/uploads\/2025\/02\/Wohnen_2-300x169.jpg 300w, https:\/\/www.lebenshilfe-ohz.de\/wp-content\/uploads\/2025\/02\/Wohnen_2.jpg 1280w\" sizes=\"auto, (max-width: 1024px) 100vw, 1024px\" \/><\/div><a class=\"w-gallery-item-link\" aria-label=\"Nahaufnahme von Kochb\u00fcchern in einem B\u00fccherregal\" href=\"https:\/\/www.lebenshilfe-ohz.de\/wp-content\/uploads\/2025\/02\/Wohnen_2.jpg\"><\/a><\/div><\/div><\/div><\/div><\/div><\/div><\/div><\/div><\/section>\n","protected":false},"excerpt":{"rendered":"Leichte SpracheWohnen Wohngemeinschaften | Wohnassistenz | Vorteile | Impressionen Wohlf\u00fchlorte.Ohne Einschr\u00e4nkungen.Wohnen hei\u00dft: zuhause sein. Wir geben Menschen mit Behinderung einen Ort, an dem sie gerne sind. Der Geborgenheit und Sicherheit schenkt. Daf\u00fcr bieten wir drei verschiedene Wohnformen im Landkreis Osterholz an. Lieblingspl\u00e4tze zum Wohlf\u00fchlen, an denen sich Menschen verwirklichen, zur\u00fcckziehen, mit Familie und Freunden treffen...","protected":false},"author":1,"featured_media":0,"parent":0,"menu_order":0,"comment_status":"closed","ping_status":"closed","template":"","meta":{"_acf_changed":false,"footnotes":""},"categories":[55],"class_list":["post-1066","page","type-page","status-publish","hentry","category-housing-leicht"],"acf":[],"yoast_head":"<!-- This site is optimized with the Yoast SEO plugin v26.0 - https:\/\/yoast.com\/wordpress\/plugins\/seo\/ -->\n<title>Wohnen und Wohnassistenzen | Lebenshilfe Osterholz<\/title>\n<meta name=\"description\" content=\"Ob Wohngemeinschaft oder Assistenz beim Wohnen: Bei uns finden Menschen mit Behinderung ihr Zuhause. Lerne jetzt unser Angebot kennen!\" \/>\n<meta name=\"robots\" content=\"index, follow, max-snippet:-1, max-image-preview:large, max-video-preview:-1\" \/>\n<link rel=\"canonical\" href=\"https:\/\/www.lebenshilfe-ohz.de\/wohnen\/\" \/>\n<meta property=\"og:locale\" content=\"de_DE\" \/>\n<meta property=\"og:type\" content=\"article\" \/>\n<meta property=\"og:title\" content=\"Wohnen und Wohnassistenzen | Lebenshilfe Osterholz\" \/>\n<meta property=\"og:description\" content=\"Ob Wohngemeinschaft oder Assistenz beim Wohnen: Bei uns finden Menschen mit Behinderung ihr Zuhause. Lerne jetzt unser Angebot kennen!\" \/>\n<meta property=\"og:url\" content=\"https:\/\/www.lebenshilfe-ohz.de\/wohnen\/\" \/>\n<meta property=\"og:site_name\" content=\"Lebenshilfe Osterholz\" \/>\n<meta property=\"article:modified_time\" content=\"2025-02-19T16:18:08+00:00\" \/>\n<meta name=\"twitter:card\" content=\"summary_large_image\" \/>\n<meta name=\"twitter:label1\" content=\"Est. reading time\" \/>\n\t<meta name=\"twitter:data1\" content=\"4 minutes\" \/>\n<script type=\"application\/ld+json\" class=\"yoast-schema-graph\">{\"@context\":\"https:\/\/schema.org\",\"@graph\":[{\"@type\":\"WebPage\",\"@id\":\"https:\/\/www.lebenshilfe-ohz.de\/wohnen\/\",\"url\":\"https:\/\/www.lebenshilfe-ohz.de\/wohnen\/\",\"name\":\"Wohnen und Wohnassistenzen | Lebenshilfe Osterholz\",\"isPartOf\":{\"@id\":\"https:\/\/www.lebenshilfe-ohz.de\/#website\"},\"datePublished\":\"2025-01-14T12:36:03+00:00\",\"dateModified\":\"2025-02-19T16:18:08+00:00\",\"description\":\"Ob Wohngemeinschaft oder Assistenz beim Wohnen: Bei uns finden Menschen mit Behinderung ihr Zuhause. Lerne jetzt unser Angebot kennen!\",\"breadcrumb\":{\"@id\":\"https:\/\/www.lebenshilfe-ohz.de\/wohnen\/#breadcrumb\"},\"inLanguage\":\"de-LS\",\"potentialAction\":[{\"@type\":\"ReadAction\",\"target\":[\"https:\/\/www.lebenshilfe-ohz.de\/wohnen\/\"]}]},{\"@type\":\"BreadcrumbList\",\"@id\":\"https:\/\/www.lebenshilfe-ohz.de\/wohnen\/#breadcrumb\",\"itemListElement\":[{\"@type\":\"ListItem\",\"position\":1,\"name\":\"Startseite\",\"item\":\"https:\/\/www.lebenshilfe-ohz.de\/leicht\/\"},{\"@type\":\"ListItem\",\"position\":2,\"name\":\"Wohnen\"}]},{\"@type\":\"WebSite\",\"@id\":\"https:\/\/www.lebenshilfe-ohz.de\/#website\",\"url\":\"https:\/\/www.lebenshilfe-ohz.de\/\",\"name\":\"Lebenshilfe Osterholz\",\"description\":\"\",\"potentialAction\":[{\"@type\":\"SearchAction\",\"target\":{\"@type\":\"EntryPoint\",\"urlTemplate\":\"https:\/\/www.lebenshilfe-ohz.de\/?s={search_term_string}\"},\"query-input\":{\"@type\":\"PropertyValueSpecification\",\"valueRequired\":true,\"valueName\":\"search_term_string\"}}],\"inLanguage\":\"de-LS\"}]}<\/script>\n<!-- \/ Yoast SEO plugin. -->","yoast_head_json":{"title":"Wohnen und Wohnassistenzen | Lebenshilfe Osterholz","description":"Ob Wohngemeinschaft oder Assistenz beim Wohnen: Bei uns finden Menschen mit Behinderung ihr Zuhause. Lerne jetzt unser Angebot kennen!","robots":{"index":"index","follow":"follow","max-snippet":"max-snippet:-1","max-image-preview":"max-image-preview:large","max-video-preview":"max-video-preview:-1"},"canonical":"https:\/\/www.lebenshilfe-ohz.de\/wohnen\/","og_locale":"de_DE","og_type":"article","og_title":"Wohnen und Wohnassistenzen | Lebenshilfe Osterholz","og_description":"Ob Wohngemeinschaft oder Assistenz beim Wohnen: Bei uns finden Menschen mit Behinderung ihr Zuhause. Lerne jetzt unser Angebot kennen!","og_url":"https:\/\/www.lebenshilfe-ohz.de\/wohnen\/","og_site_name":"Lebenshilfe Osterholz","article_modified_time":"2025-02-19T16:18:08+00:00","twitter_card":"summary_large_image","twitter_misc":{"Est. reading time":"4 minutes"},"schema":{"@context":"https:\/\/schema.org","@graph":[{"@type":"WebPage","@id":"https:\/\/www.lebenshilfe-ohz.de\/wohnen\/","url":"https:\/\/www.lebenshilfe-ohz.de\/wohnen\/","name":"Wohnen und Wohnassistenzen | Lebenshilfe Osterholz","isPartOf":{"@id":"https:\/\/www.lebenshilfe-ohz.de\/#website"},"datePublished":"2025-01-14T12:36:03+00:00","dateModified":"2025-02-19T16:18:08+00:00","description":"Ob Wohngemeinschaft oder Assistenz beim Wohnen: Bei uns finden Menschen mit Behinderung ihr Zuhause. Lerne jetzt unser Angebot kennen!","breadcrumb":{"@id":"https:\/\/www.lebenshilfe-ohz.de\/wohnen\/#breadcrumb"},"inLanguage":"de-LS","potentialAction":[{"@type":"ReadAction","target":["https:\/\/www.lebenshilfe-ohz.de\/wohnen\/"]}]},{"@type":"BreadcrumbList","@id":"https:\/\/www.lebenshilfe-ohz.de\/wohnen\/#breadcrumb","itemListElement":[{"@type":"ListItem","position":1,"name":"Startseite","item":"https:\/\/www.lebenshilfe-ohz.de\/leicht\/"},{"@type":"ListItem","position":2,"name":"Wohnen"}]},{"@type":"WebSite","@id":"https:\/\/www.lebenshilfe-ohz.de\/#website","url":"https:\/\/www.lebenshilfe-ohz.de\/","name":"Lebenshilfe Osterholz","description":"","potentialAction":[{"@type":"SearchAction","target":{"@type":"EntryPoint","urlTemplate":"https:\/\/www.lebenshilfe-ohz.de\/?s={search_term_string}"},"query-input":{"@type":"PropertyValueSpecification","valueRequired":true,"valueName":"search_term_string"}}],"inLanguage":"de-LS"}]}},"_links":{"self":[{"href":"https:\/\/www.lebenshilfe-ohz.de\/leicht\/wp-json\/wp\/v2\/pages\/1066","targetHints":{"allow":["GET"]}}],"collection":[{"href":"https:\/\/www.lebenshilfe-ohz.de\/leicht\/wp-json\/wp\/v2\/pages"}],"about":[{"href":"https:\/\/www.lebenshilfe-ohz.de\/leicht\/wp-json\/wp\/v2\/types\/page"}],"author":[{"embeddable":true,"href":"https:\/\/www.lebenshilfe-ohz.de\/leicht\/wp-json\/wp\/v2\/users\/1"}],"replies":[{"embeddable":true,"href":"https:\/\/www.lebenshilfe-ohz.de\/leicht\/wp-json\/wp\/v2\/comments?post=1066"}],"version-history":[{"count":8,"href":"https:\/\/www.lebenshilfe-ohz.de\/leicht\/wp-json\/wp\/v2\/pages\/1066\/revisions"}],"predecessor-version":[{"id":1454,"href":"https:\/\/www.lebenshilfe-ohz.de\/leicht\/wp-json\/wp\/v2\/pages\/1066\/revisions\/1454"}],"wp:attachment":[{"href":"https:\/\/www.lebenshilfe-ohz.de\/leicht\/wp-json\/wp\/v2\/media?parent=1066"}],"wp:term":[{"taxonomy":"category","embeddable":true,"href":"https:\/\/www.lebenshilfe-ohz.de\/leicht\/wp-json\/wp\/v2\/categories?post=1066"}],"curies":[{"name":"wp","href":"https:\/\/api.w.org\/{rel}","templated":true}]}}