{"id":1052,"date":"2025-01-14T13:35:32","date_gmt":"2025-01-14T12:35:32","guid":{"rendered":"http:\/\/dev.lebenshilfe-ohz.de.w01ed883.kasserver.com\/mobile-fruehfoerderung\/"},"modified":"2025-04-08T16:23:25","modified_gmt":"2025-04-08T14:23:25","slug":"mobile-fruehfoerderung","status":"publish","type":"page","link":"https:\/\/www.lebenshilfe-ohz.de\/leicht\/mobile-fruehfoerderung\/","title":{"rendered":"Mobile Fr\u00fchf\u00f6rderung"},"content":{"rendered":"<section class=\"l-section wpb_row us_custom_3188818e hide_on_default hide_on_laptops height_auto\"><div class=\"l-section-h i-cf\"><div class=\"g-cols vc_row via_flex valign_top type_default stacking_default\"><div class=\"vc_col-sm-12 wpb_column vc_column_container\"><div class=\"vc_column-inner\"><div class=\"wpb_wrapper\"><div class=\"lbh-lang-switch\"><div class=\"field-wrap\" data-href=\"https:\/\/www.lebenshilfe-ohz.de\/wp-json\/wp\/v2\/pages\/1052\/\"><label for=\"lang_leicht\"><i class=\"icon icon-einfache-sprache\"><\/i>Leichte Sprache<\/label><input type=\"checkbox\" id=\"lang_leicht\" name=\"lang_leicht\" checked\/><\/div><\/div><\/div><\/div><\/div><\/div><\/div><\/section><section class=\"l-section wpb_row us_custom_19737bc8 height_custom\"><div class=\"l-section-h i-cf\"><div class=\"g-cols vc_row via_flex valign_top type_default stacking_default\"><div class=\"vc_col-sm-12 wpb_column vc_column_container\"><div class=\"vc_column-inner\"><div class=\"wpb_wrapper\"><div class=\"w-hwrapper valign_middle wrap lbh-breadcrumb align_none\" style=\"--hwrapper-gap:1.2rem\"><div class=\"wpb_text_column\"><div class=\"wpb_wrapper\"><p><strong>Mobile Fr\u00fchf\u00f6rderung<\/strong><\/p>\n<\/div><\/div><div class=\"wpb_text_column\"><div class=\"wpb_wrapper\"><p><a href=\"#foerderung\">F\u00f6rderung entwickeln<\/a> | <a href=\"#ablauf\">Ablauf Fr\u00fchf\u00f6rderung<\/a> | <a href=\"#impressionen\">Impressionen<\/a><\/p>\n<\/div><\/div><\/div><\/div><\/div><\/div><\/div><\/div><\/section><section class=\"l-section wpb_row height_custom\"><div class=\"l-section-h i-cf\"><div class=\"g-cols vc_row via_flex valign_top type_default stacking_default\"><div class=\"vc_col-sm-12 wpb_column vc_column_container\"><div class=\"vc_column-inner\"><div class=\"wpb_wrapper\"><div class=\"lbh-heading\"><h1><span class=\"title\">Fr\u00fch begleiten.<\/span><span class=\"subtitle\">Sp\u00e4ter profitieren.<\/span><\/h1><\/div><div class=\"wpb_text_column us_custom_0899b7cd\"><div class=\"wpb_wrapper\"><p>Jedes Kind lernt anders. Manche brauchen mehr Zeit und Hilfe. Unsere Mobile Fr\u00fchf\u00f6rderung hilft kleinen Kindern. Wir erkennen fr\u00fch Probleme in ihrer Entwicklung und helfen ihnen. Mit einem individuellen Plan, heilp\u00e4dagogischen Ma\u00dfnahmen und spielerischen Methoden. Und vor allem: mit viel Geduld. Damit fr\u00fche Probleme sp\u00e4ter keine Hindernisse werden.<\/p>\n<\/div><\/div><\/div><\/div><\/div><\/div><\/div><\/section><section class=\"l-section wpb_row height_custom\"><div class=\"l-section-h i-cf\"><div class=\"g-cols vc_row via_flex valign_top type_default stacking_default\"><div class=\"vc_col-sm-12 wpb_column vc_column_container\"><div class=\"vc_column-inner\"><div class=\"wpb_wrapper\"><div class=\"lbh_iconbox_wrapper cols-two\"><div class=\"lbh_iconbox\"><h3 class=\"title\"><i class=\"fas fa-child\"><\/i><span>F\u00fcr Kinder<\/span><\/h3><div class=\"body\">Die Mobile Fr\u00fchf\u00f6rderung hilft Kindern bei jedem Schritt. Sie st\u00e4rkt ihre F\u00e4higkeiten und erkennt fr\u00fch Probleme. Ob Motorik, Sprache oder sozialer Umgang: Heilp\u00e4dagogen f\u00f6rdern Kinder zuhause oder in der Kita. Sie nehmen sich Zeit f\u00fcr die Bed\u00fcrfnisse der Kinder.<\/div><\/div><div class=\"lbh_iconbox\"><h3 class=\"title\"><div class=\"image-wrap\"><img decoding=\"async\" src=\"https:\/\/www.lebenshilfe-ohz.de\/wp-content\/uploads\/2025\/02\/Icon-parents.svg\" alt=\"\" class=\"image\"\/><\/div><span>F\u00fcr Eltern<\/span><\/h3><div class=\"body\">Es ist oft ein Schock zu erfahren, dass das eigene Kind Entwicklungsverz\u00f6gerungen hat. Aber man kann die Entwicklung durch F\u00f6rderung unterst\u00fctzen. Wir ermitteln den F\u00f6rderbedarf und legen Ziele fest. Eltern werden von Anfang an einbezogen: Wir erkl\u00e4ren alles, helfen bei Antr\u00e4gen, sprechen regelm\u00e4\u00dfig und zeigen spielerische M\u00f6glichkeiten, wie Eltern ihre Kinder st\u00e4rken k\u00f6nnen.<\/div><\/div><\/div><\/div><\/div><\/div><\/div><\/div><\/section><section class=\"l-section wpb_row height_custom\" id=\"foerderung\"><div class=\"l-section-h i-cf\"><div class=\"g-cols vc_row via_flex valign_top type_default stacking_default\"><div class=\"vc_col-sm-12 wpb_column vc_column_container\"><div class=\"vc_column-inner\"><div class=\"wpb_wrapper\"><div class=\"lbh-heading\"><h2><span class=\"title\">F\u00f6rderung entwickeln.<\/span><span class=\"subtitle\">Entwicklung f\u00f6rdern.<\/span><\/h2><\/div><div class=\"wpb_text_column us_custom_0899b7cd\"><div class=\"wpb_wrapper\"><p>Kinder haben ihr eigenes Tempo. Wir wollen sie nicht hetzen. Wir wollen ihnen helfen. So k\u00f6nnen sie ihre St\u00e4rken finden. Oder lernen, mit ihren Problemen umzugehen. Wir arbeiten mit \u00c4mtern, \u00c4rzten, Therapeuten und Eltern zusammen. Wir schaffen ein gutes Umfeld. Dieses Umfeld passt zu den Zielen. So versuchen wir, Entwicklungsr\u00fcckst\u00e4nde aufzuholen. Und Probleme zu verringern. F\u00fcr ein starkes Kind, egal welche Voraussetzungen es hat.<\/p>\n<\/div><\/div><\/div><\/div><\/div><\/div><\/div><\/section><section class=\"l-section wpb_row height_custom\" id=\"ablauf\"><div class=\"l-section-h i-cf\"><div class=\"g-cols vc_row via_flex valign_top type_default stacking_default\"><div class=\"vc_col-sm-12 wpb_column vc_column_container\"><div class=\"vc_column-inner\"><div class=\"wpb_wrapper\"><div class=\"lbh-heading\"><h2><span class=\"title\">So l\u00e4uft die Mobile Fr\u00fchf\u00f6rderung ab<\/span><\/h2><\/div><div class=\"wpb_text_column us_custom_0899b7cd\"><div class=\"wpb_wrapper\"><ol>\n<li>\n<h3>Diagnose<\/h3>\n<p>Die Kita oder ein Arzt sagt den Eltern, dass das Kind Entwicklungsprobleme hat. Eltern k\u00f6nnen sich auch direkt bei uns melden, wenn sie sich Sorgen machen.<\/li>\n<li>\n<h3>Kontaktaufnahme<\/h3>\n<p>Wir freuen uns \u00fcber einen Anruf und machen einen Termin.<\/li>\n<li>\n<h3>Antragstellung<\/h3>\n<p>Die Fr\u00fchf\u00f6rderung muss beim Landkreis beantragt werden. Beide Elternteile m\u00fcssen den Antrag unterschreiben. Wir bringen die Unterlagen zum ersten Treffen mit und helfen beim Ausf\u00fcllen.<\/li>\n<li>\n<h3>Bedarfsermittlung<\/h3>\n<p>In den ersten f\u00fcnf Terminen schauen wir, welche Hilfe das Kind braucht.<\/li>\n<li>\n<h3>F\u00f6rderplan<\/h3>\n<p>Wir machen einen Plan mit Zielen und besprechen ihn mit den Eltern.<\/li>\n<li>\n<h3>F\u00f6rderung<\/h3>\n<p>Wir f\u00f6rdern das Kind in regelm\u00e4\u00dfigen Terminen. Die Ma\u00dfnahmen werden dokumentiert und dem Entwicklungsstand des Kindes angepasst.<\/li>\n<\/ol>\n<\/div><\/div><\/div><\/div><\/div><\/div><\/div><\/section><section class=\"l-section wpb_row height_custom\" id=\"impressionen\"><div class=\"l-section-h i-cf\"><div class=\"g-cols vc_row via_flex valign_top type_default stacking_default\"><div class=\"vc_col-sm-12 wpb_column vc_column_container\"><div class=\"vc_column-inner\"><div class=\"wpb_wrapper\"><div class=\"w-content-carousel items_1 us_custom_f58a0cb9\"><div class=\"owl-carousel valign_stretch dotstyle_circle navstyle_3 arrows-ver-pos_middle arrows-hor-pos_on_sides_outside arrows-disabled_hide owl-responsive-2000 with_dots with_arrows\" style=\"--items-gap:30px;--transition-duration:350ms;--arrows-size:1.5rem;--arrows-hor-offset:16px;--arrows-gap:10px;\" onclick=\"return {&quot;aria_labels&quot;:{&quot;prev&quot;:&quot;Previous&quot;,&quot;next&quot;:&quot;Next&quot;},&quot;autoplayContinual&quot;:false,&quot;autoplayContinualCss&quot;:false,&quot;autoplayHoverPause&quot;:false,&quot;autoplayTimeout&quot;:3000,&quot;autoWidth&quot;:false,&quot;smartSpeed&quot;:350,&quot;margin&quot;:30,&quot;mouseDrag&quot;:true,&quot;rtl&quot;:false,&quot;slideBy&quot;:&quot;1&quot;,&quot;touchDrag&quot;:true,&quot;slideTransition&quot;:&quot;&quot;,&quot;responsive&quot;:{&quot;0&quot;:{&quot;autoHeight&quot;:false,&quot;autoplay&quot;:false,&quot;autoplayContinualCss&quot;:false,&quot;autoWidth&quot;:false,&quot;center&quot;:false,&quot;dots&quot;:true,&quot;items&quot;:1,&quot;loop&quot;:true,&quot;nav&quot;:true,&quot;stagePadding&quot;:0,&quot;slideBy&quot;:&quot;1&quot;,&quot;touchDrag&quot;:true,&quot;mouseDrag&quot;:true},&quot;601&quot;:{&quot;autoHeight&quot;:false,&quot;autoplay&quot;:false,&quot;autoplayContinualCss&quot;:false,&quot;autoWidth&quot;:false,&quot;center&quot;:false,&quot;dots&quot;:true,&quot;items&quot;:1,&quot;loop&quot;:true,&quot;nav&quot;:true,&quot;stagePadding&quot;:0}}}\"><div class=\"w-vwrapper align_center valign_middle\" style=\"--vwrapper-gap:0.7rem\"><div class=\"wpb_text_column us_custom_8a849b3a\"><div class=\"wpb_wrapper\"><p style=\"text-align: center;\">\u201eMan sieht, wie das Kind w\u00e4chst. Wenn dann kleine Dinge gelingen, die vorher schwer waren, macht das sehr gl\u00fccklich.\u201c<\/p>\n<\/div><\/div><div class=\"wpb_text_column\"><div class=\"wpb_wrapper\"><p style=\"text-align: center;\">\u2013 Wiebke D\u00fc\u00dfmann, Fr\u00fchf\u00f6rderin<\/p>\n<\/div><\/div><\/div><div class=\"w-vwrapper align_center valign_middle\" style=\"--vwrapper-gap:0.7rem\"><div class=\"wpb_text_column us_custom_8a849b3a\"><div class=\"wpb_wrapper\"><p style=\"text-align: center;\">\u201eWir sprechen oft im Team. So k\u00f6nnen wir den Kindern am besten helfen.\u201c<\/p>\n<\/div><\/div><div class=\"wpb_text_column\"><div class=\"wpb_wrapper\"><p style=\"text-align: center;\">\u2013 Inga Roenick, Fr\u00fchf\u00f6rderin<\/p>\n<\/div><\/div><\/div><div class=\"w-vwrapper align_center valign_middle\" style=\"--vwrapper-gap:0.7rem\"><div class=\"wpb_text_column us_custom_8a849b3a\"><div class=\"wpb_wrapper\"><p style=\"text-align: center;\">&#8220;Es ist ein Geschenk, zu sehen, wie Kinder wachsen.&#8221;<\/p>\n<\/div><\/div><div class=\"wpb_text_column\"><div class=\"wpb_wrapper\"><p style=\"text-align: center;\">\u2013 (I.M.F.), Fr\u00fchf\u00f6rderin<\/p>\n<\/div><\/div><\/div><\/div><\/div><\/div><\/div><\/div><\/div><\/div><\/section><section class=\"l-section wpb_row height_custom\"><div class=\"l-section-h i-cf\"><div class=\"g-cols vc_row via_flex valign_top type_default stacking_default\"><div class=\"vc_col-sm-12 wpb_column vc_column_container\"><div class=\"vc_column-inner\"><div class=\"wpb_wrapper\"><div class=\"wpb_text_column us_custom_7309cb1b has_text_color\"><div class=\"wpb_wrapper\"><p>Impressionen Lebenshilfe Osterholz<\/p>\n<\/div><\/div><div class=\"w-gallery fit_cover type_grid action_popup_image ratio_1x1 count_8\" style=\"--columns:4;--items-gap:32px;\"><div class=\"w-gallery-list\"><div class=\"w-gallery-item\"><div class=\"w-gallery-item-img\"><img loading=\"lazy\" decoding=\"async\" width=\"1024\" height=\"576\" src=\"https:\/\/www.lebenshilfe-ohz.de\/wp-content\/uploads\/2025\/02\/Mobi_1-1024x576.jpg\" class=\"attachment-large size-large\" alt=\"Ein Kind krabbelt aus einer H\u00f6hle. Eine Frau sitzt vor dem Eingang und schaut das Kind an\" srcset=\"https:\/\/www.lebenshilfe-ohz.de\/wp-content\/uploads\/2025\/02\/Mobi_1-1024x576.jpg 1024w, https:\/\/www.lebenshilfe-ohz.de\/wp-content\/uploads\/2025\/02\/Mobi_1-300x169.jpg 300w, https:\/\/www.lebenshilfe-ohz.de\/wp-content\/uploads\/2025\/02\/Mobi_1.jpg 1280w\" sizes=\"auto, (max-width: 1024px) 100vw, 1024px\" \/><\/div><a class=\"w-gallery-item-link\" aria-label=\"Ein Kind krabbelt aus einer H\u00f6hle. Eine Frau sitzt vor dem Eingang und schaut das Kind an\" href=\"https:\/\/www.lebenshilfe-ohz.de\/wp-content\/uploads\/2025\/02\/Mobi_1.jpg\"><\/a><\/div><div class=\"w-gallery-item\"><div class=\"w-gallery-item-img\"><img loading=\"lazy\" decoding=\"async\" width=\"1024\" height=\"576\" src=\"https:\/\/www.lebenshilfe-ohz.de\/wp-content\/uploads\/2025\/02\/Mobi_2-1024x576.jpg\" class=\"attachment-large size-large\" alt=\"Kind f\u00fcllt mit Hilfe einer Frau Linsen von einem Gef\u00e4\u00df in ein anderes\" srcset=\"https:\/\/www.lebenshilfe-ohz.de\/wp-content\/uploads\/2025\/02\/Mobi_2-1024x576.jpg 1024w, https:\/\/www.lebenshilfe-ohz.de\/wp-content\/uploads\/2025\/02\/Mobi_2-300x169.jpg 300w, https:\/\/www.lebenshilfe-ohz.de\/wp-content\/uploads\/2025\/02\/Mobi_2.jpg 1280w\" sizes=\"auto, (max-width: 1024px) 100vw, 1024px\" \/><\/div><a class=\"w-gallery-item-link\" aria-label=\"Kind f\u00fcllt mit Hilfe einer Frau Linsen von einem Gef\u00e4\u00df in ein anderes\" href=\"https:\/\/www.lebenshilfe-ohz.de\/wp-content\/uploads\/2025\/02\/Mobi_2.jpg\"><\/a><\/div><div class=\"w-gallery-item\"><div class=\"w-gallery-item-img\"><img loading=\"lazy\" decoding=\"async\" width=\"1024\" height=\"576\" src=\"https:\/\/www.lebenshilfe-ohz.de\/wp-content\/uploads\/2025\/02\/Mobi_3-1024x576.jpg\" class=\"attachment-large size-large\" alt=\"Ein Holztipi auf einer Rasenfl\u00e4che. Im Hintergrund B\u00e4ume, B\u00fcsche und ein Zaun\" srcset=\"https:\/\/www.lebenshilfe-ohz.de\/wp-content\/uploads\/2025\/02\/Mobi_3-1024x576.jpg 1024w, https:\/\/www.lebenshilfe-ohz.de\/wp-content\/uploads\/2025\/02\/Mobi_3-300x169.jpg 300w, https:\/\/www.lebenshilfe-ohz.de\/wp-content\/uploads\/2025\/02\/Mobi_3.jpg 1280w\" sizes=\"auto, (max-width: 1024px) 100vw, 1024px\" \/><\/div><a class=\"w-gallery-item-link\" aria-label=\"Ein Holztipi auf einer Rasenfl\u00e4che. Im Hintergrund B\u00e4ume, B\u00fcsche und ein Zaun\" href=\"https:\/\/www.lebenshilfe-ohz.de\/wp-content\/uploads\/2025\/02\/Mobi_3.jpg\"><\/a><\/div><div class=\"w-gallery-item\"><div class=\"w-gallery-item-img\"><img loading=\"lazy\" decoding=\"async\" width=\"1024\" height=\"576\" src=\"https:\/\/www.lebenshilfe-ohz.de\/wp-content\/uploads\/2025\/02\/Mobi_4-1024x576.jpg\" class=\"attachment-large size-large\" alt=\"Nahaufnhame von einer Holzkiste gef\u00fcllt mit Duplosteinen\" srcset=\"https:\/\/www.lebenshilfe-ohz.de\/wp-content\/uploads\/2025\/02\/Mobi_4-1024x576.jpg 1024w, https:\/\/www.lebenshilfe-ohz.de\/wp-content\/uploads\/2025\/02\/Mobi_4-300x169.jpg 300w, https:\/\/www.lebenshilfe-ohz.de\/wp-content\/uploads\/2025\/02\/Mobi_4.jpg 1280w\" sizes=\"auto, (max-width: 1024px) 100vw, 1024px\" \/><\/div><a class=\"w-gallery-item-link\" aria-label=\"Nahaufnhame von einer Holzkiste gef\u00fcllt mit Duplosteinen\" href=\"https:\/\/www.lebenshilfe-ohz.de\/wp-content\/uploads\/2025\/02\/Mobi_4.jpg\"><\/a><\/div><div class=\"w-gallery-item\"><div class=\"w-gallery-item-img\"><img loading=\"lazy\" decoding=\"async\" width=\"1024\" height=\"576\" src=\"https:\/\/www.lebenshilfe-ohz.de\/wp-content\/uploads\/2025\/02\/Mobi_5-1024x576.jpg\" class=\"attachment-large size-large\" alt=\"Nahaufnahme eines Holzspielzeugs\" srcset=\"https:\/\/www.lebenshilfe-ohz.de\/wp-content\/uploads\/2025\/02\/Mobi_5-1024x576.jpg 1024w, https:\/\/www.lebenshilfe-ohz.de\/wp-content\/uploads\/2025\/02\/Mobi_5-300x169.jpg 300w, https:\/\/www.lebenshilfe-ohz.de\/wp-content\/uploads\/2025\/02\/Mobi_5.jpg 1280w\" sizes=\"auto, (max-width: 1024px) 100vw, 1024px\" \/><\/div><a class=\"w-gallery-item-link\" aria-label=\"Nahaufnahme eines Holzspielzeugs\" href=\"https:\/\/www.lebenshilfe-ohz.de\/wp-content\/uploads\/2025\/02\/Mobi_5.jpg\"><\/a><\/div><div class=\"w-gallery-item\"><div class=\"w-gallery-item-img\"><img loading=\"lazy\" decoding=\"async\" width=\"1024\" height=\"576\" src=\"https:\/\/www.lebenshilfe-ohz.de\/wp-content\/uploads\/2025\/02\/Mobi_6-1024x576.jpg\" class=\"attachment-large size-large\" alt=\"Ein Pl\u00fcschteddy und ein Pl\u00fcsch-Pinguin sitzen nebeneinander auf einer Fensterbank\" srcset=\"https:\/\/www.lebenshilfe-ohz.de\/wp-content\/uploads\/2025\/02\/Mobi_6-1024x576.jpg 1024w, https:\/\/www.lebenshilfe-ohz.de\/wp-content\/uploads\/2025\/02\/Mobi_6-300x169.jpg 300w, https:\/\/www.lebenshilfe-ohz.de\/wp-content\/uploads\/2025\/02\/Mobi_6.jpg 1280w\" sizes=\"auto, (max-width: 1024px) 100vw, 1024px\" \/><\/div><a class=\"w-gallery-item-link\" aria-label=\"Ein Pl\u00fcschteddy und ein Pl\u00fcsch-Pinguin sitzen nebeneinander auf einer Fensterbank\" href=\"https:\/\/www.lebenshilfe-ohz.de\/wp-content\/uploads\/2025\/02\/Mobi_6.jpg\"><\/a><\/div><div class=\"w-gallery-item\"><div class=\"w-gallery-item-img\"><img loading=\"lazy\" decoding=\"async\" width=\"1024\" height=\"576\" src=\"https:\/\/www.lebenshilfe-ohz.de\/wp-content\/uploads\/2025\/02\/Mobi_7-1024x576.jpg\" class=\"attachment-large size-large\" alt=\"T\u00fcr mit Glasfenster mit der Aufschrift Sternengruppe\" srcset=\"https:\/\/www.lebenshilfe-ohz.de\/wp-content\/uploads\/2025\/02\/Mobi_7-1024x576.jpg 1024w, https:\/\/www.lebenshilfe-ohz.de\/wp-content\/uploads\/2025\/02\/Mobi_7-300x169.jpg 300w, https:\/\/www.lebenshilfe-ohz.de\/wp-content\/uploads\/2025\/02\/Mobi_7.jpg 1280w\" sizes=\"auto, (max-width: 1024px) 100vw, 1024px\" \/><\/div><a class=\"w-gallery-item-link\" aria-label=\"T\u00fcr mit Glasfenster mit der Aufschrift Sternengruppe\" href=\"https:\/\/www.lebenshilfe-ohz.de\/wp-content\/uploads\/2025\/02\/Mobi_7.jpg\"><\/a><\/div><div class=\"w-gallery-item\"><div class=\"w-gallery-item-img\"><img loading=\"lazy\" decoding=\"async\" width=\"1024\" height=\"576\" src=\"https:\/\/www.lebenshilfe-ohz.de\/wp-content\/uploads\/2025\/02\/Mobi_8-1024x576.jpg\" class=\"attachment-large size-large\" alt=\"Eien Frau und ein Kind spielen auf einem roten runden Teppisch ein Brettspiel\" srcset=\"https:\/\/www.lebenshilfe-ohz.de\/wp-content\/uploads\/2025\/02\/Mobi_8-1024x576.jpg 1024w, https:\/\/www.lebenshilfe-ohz.de\/wp-content\/uploads\/2025\/02\/Mobi_8-300x169.jpg 300w, https:\/\/www.lebenshilfe-ohz.de\/wp-content\/uploads\/2025\/02\/Mobi_8.jpg 1280w\" sizes=\"auto, (max-width: 1024px) 100vw, 1024px\" \/><\/div><a class=\"w-gallery-item-link\" aria-label=\"Eien Frau und ein Kind spielen auf einem roten runden Teppisch ein Brettspiel\" href=\"https:\/\/www.lebenshilfe-ohz.de\/wp-content\/uploads\/2025\/02\/Mobi_8.jpg\"><\/a><\/div><\/div><\/div><\/div><\/div><\/div><\/div><\/div><\/section>\n","protected":false},"excerpt":{"rendered":"Leichte SpracheMobile Fr\u00fchf\u00f6rderung F\u00f6rderung entwickeln | Ablauf Fr\u00fchf\u00f6rderung | Impressionen Fr\u00fch begleiten.Sp\u00e4ter profitieren.Jedes Kind lernt anders. Manche brauchen mehr Zeit und Hilfe. Unsere Mobile Fr\u00fchf\u00f6rderung hilft kleinen Kindern. Wir erkennen fr\u00fch Probleme in ihrer Entwicklung und helfen ihnen. Mit einem individuellen Plan, heilp\u00e4dagogischen Ma\u00dfnahmen und spielerischen Methoden. Und vor allem: mit viel Geduld. Damit fr\u00fche...","protected":false},"author":1,"featured_media":0,"parent":0,"menu_order":0,"comment_status":"closed","ping_status":"closed","template":"","meta":{"_acf_changed":false,"footnotes":""},"categories":[53],"class_list":["post-1052","page","type-page","status-publish","hentry","category-intervention-leicht"],"acf":[],"yoast_head":"<!-- This site is optimized with the Yoast SEO plugin v27.5 - https:\/\/yoast.com\/product\/yoast-seo-wordpress\/ -->\n<title>Mobile Fr\u00fchf\u00f6rderung | Lebenshilfe Osterholz<\/title>\n<meta name=\"description\" content=\"Hilfe und F\u00f6rderung \u2013 so fr\u00fch wie m\u00f6glich. Wir unterst\u00fctzen Kinder mit F\u00f6rderbedarf und ihre Eltern ganzheitlich. Jetzt beraten lassen!\" \/>\n<meta name=\"robots\" content=\"index, follow, max-snippet:-1, max-image-preview:large, max-video-preview:-1\" \/>\n<link rel=\"canonical\" href=\"https:\/\/www.lebenshilfe-ohz.de\/leicht\/mobile-fruehfoerderung\/\" \/>\n<meta property=\"og:locale\" content=\"de_DE\" \/>\n<meta property=\"og:type\" content=\"article\" \/>\n<meta property=\"og:title\" content=\"Mobile Fr\u00fchf\u00f6rderung | Lebenshilfe Osterholz\" \/>\n<meta property=\"og:description\" content=\"Hilfe und F\u00f6rderung \u2013 so fr\u00fch wie m\u00f6glich. Wir unterst\u00fctzen Kinder mit F\u00f6rderbedarf und ihre Eltern ganzheitlich. Jetzt beraten lassen!\" \/>\n<meta property=\"og:url\" content=\"https:\/\/www.lebenshilfe-ohz.de\/leicht\/mobile-fruehfoerderung\/\" \/>\n<meta property=\"og:site_name\" content=\"Lebenshilfe Osterholz\" \/>\n<meta property=\"article:modified_time\" content=\"2025-04-08T14:23:25+00:00\" \/>\n<meta name=\"twitter:card\" content=\"summary_large_image\" \/>\n<meta name=\"twitter:label1\" content=\"Est. reading time\" \/>\n\t<meta name=\"twitter:data1\" content=\"3 minutes\" \/>\n<script type=\"application\/ld+json\" class=\"yoast-schema-graph\">{\"@context\":\"https:\\\/\\\/schema.org\",\"@graph\":[{\"@type\":\"WebPage\",\"@id\":\"https:\\\/\\\/www.lebenshilfe-ohz.de\\\/leicht\\\/mobile-fruehfoerderung\\\/\",\"url\":\"https:\\\/\\\/www.lebenshilfe-ohz.de\\\/leicht\\\/mobile-fruehfoerderung\\\/\",\"name\":\"Mobile Fr\u00fchf\u00f6rderung | Lebenshilfe Osterholz\",\"isPartOf\":{\"@id\":\"https:\\\/\\\/www.lebenshilfe-ohz.de\\\/#website\"},\"datePublished\":\"2025-01-14T12:35:32+00:00\",\"dateModified\":\"2025-04-08T14:23:25+00:00\",\"description\":\"Hilfe und F\u00f6rderung \u2013 so fr\u00fch wie m\u00f6glich. Wir unterst\u00fctzen Kinder mit F\u00f6rderbedarf und ihre Eltern ganzheitlich. Jetzt beraten lassen!\",\"breadcrumb\":{\"@id\":\"https:\\\/\\\/www.lebenshilfe-ohz.de\\\/leicht\\\/mobile-fruehfoerderung\\\/#breadcrumb\"},\"inLanguage\":\"de-LS\",\"potentialAction\":[{\"@type\":\"ReadAction\",\"target\":[\"https:\\\/\\\/www.lebenshilfe-ohz.de\\\/leicht\\\/mobile-fruehfoerderung\\\/\"]}]},{\"@type\":\"BreadcrumbList\",\"@id\":\"https:\\\/\\\/www.lebenshilfe-ohz.de\\\/leicht\\\/mobile-fruehfoerderung\\\/#breadcrumb\",\"itemListElement\":[{\"@type\":\"ListItem\",\"position\":1,\"name\":\"Startseite\",\"item\":\"https:\\\/\\\/www.lebenshilfe-ohz.de\\\/leicht\\\/\"},{\"@type\":\"ListItem\",\"position\":2,\"name\":\"Mobile Fr\u00fchf\u00f6rderung\"}]},{\"@type\":\"WebSite\",\"@id\":\"https:\\\/\\\/www.lebenshilfe-ohz.de\\\/#website\",\"url\":\"https:\\\/\\\/www.lebenshilfe-ohz.de\\\/\",\"name\":\"Lebenshilfe Osterholz\",\"description\":\"\",\"potentialAction\":[{\"@type\":\"SearchAction\",\"target\":{\"@type\":\"EntryPoint\",\"urlTemplate\":\"https:\\\/\\\/www.lebenshilfe-ohz.de\\\/?s={search_term_string}\"},\"query-input\":{\"@type\":\"PropertyValueSpecification\",\"valueRequired\":true,\"valueName\":\"search_term_string\"}}],\"inLanguage\":\"de-LS\"}]}<\/script>\n<!-- \/ Yoast SEO plugin. -->","yoast_head_json":{"title":"Mobile Fr\u00fchf\u00f6rderung | Lebenshilfe Osterholz","description":"Hilfe und F\u00f6rderung \u2013 so fr\u00fch wie m\u00f6glich. Wir unterst\u00fctzen Kinder mit F\u00f6rderbedarf und ihre Eltern ganzheitlich. Jetzt beraten lassen!","robots":{"index":"index","follow":"follow","max-snippet":"max-snippet:-1","max-image-preview":"max-image-preview:large","max-video-preview":"max-video-preview:-1"},"canonical":"https:\/\/www.lebenshilfe-ohz.de\/leicht\/mobile-fruehfoerderung\/","og_locale":"de_DE","og_type":"article","og_title":"Mobile Fr\u00fchf\u00f6rderung | Lebenshilfe Osterholz","og_description":"Hilfe und F\u00f6rderung \u2013 so fr\u00fch wie m\u00f6glich. Wir unterst\u00fctzen Kinder mit F\u00f6rderbedarf und ihre Eltern ganzheitlich. Jetzt beraten lassen!","og_url":"https:\/\/www.lebenshilfe-ohz.de\/leicht\/mobile-fruehfoerderung\/","og_site_name":"Lebenshilfe Osterholz","article_modified_time":"2025-04-08T14:23:25+00:00","twitter_card":"summary_large_image","twitter_misc":{"Est. reading time":"3 minutes"},"schema":{"@context":"https:\/\/schema.org","@graph":[{"@type":"WebPage","@id":"https:\/\/www.lebenshilfe-ohz.de\/leicht\/mobile-fruehfoerderung\/","url":"https:\/\/www.lebenshilfe-ohz.de\/leicht\/mobile-fruehfoerderung\/","name":"Mobile Fr\u00fchf\u00f6rderung | Lebenshilfe Osterholz","isPartOf":{"@id":"https:\/\/www.lebenshilfe-ohz.de\/#website"},"datePublished":"2025-01-14T12:35:32+00:00","dateModified":"2025-04-08T14:23:25+00:00","description":"Hilfe und F\u00f6rderung \u2013 so fr\u00fch wie m\u00f6glich. Wir unterst\u00fctzen Kinder mit F\u00f6rderbedarf und ihre Eltern ganzheitlich. Jetzt beraten lassen!","breadcrumb":{"@id":"https:\/\/www.lebenshilfe-ohz.de\/leicht\/mobile-fruehfoerderung\/#breadcrumb"},"inLanguage":"de-LS","potentialAction":[{"@type":"ReadAction","target":["https:\/\/www.lebenshilfe-ohz.de\/leicht\/mobile-fruehfoerderung\/"]}]},{"@type":"BreadcrumbList","@id":"https:\/\/www.lebenshilfe-ohz.de\/leicht\/mobile-fruehfoerderung\/#breadcrumb","itemListElement":[{"@type":"ListItem","position":1,"name":"Startseite","item":"https:\/\/www.lebenshilfe-ohz.de\/leicht\/"},{"@type":"ListItem","position":2,"name":"Mobile Fr\u00fchf\u00f6rderung"}]},{"@type":"WebSite","@id":"https:\/\/www.lebenshilfe-ohz.de\/#website","url":"https:\/\/www.lebenshilfe-ohz.de\/","name":"Lebenshilfe Osterholz","description":"","potentialAction":[{"@type":"SearchAction","target":{"@type":"EntryPoint","urlTemplate":"https:\/\/www.lebenshilfe-ohz.de\/?s={search_term_string}"},"query-input":{"@type":"PropertyValueSpecification","valueRequired":true,"valueName":"search_term_string"}}],"inLanguage":"de-LS"}]}},"_links":{"self":[{"href":"https:\/\/www.lebenshilfe-ohz.de\/leicht\/wp-json\/wp\/v2\/pages\/1052","targetHints":{"allow":["GET"]}}],"collection":[{"href":"https:\/\/www.lebenshilfe-ohz.de\/leicht\/wp-json\/wp\/v2\/pages"}],"about":[{"href":"https:\/\/www.lebenshilfe-ohz.de\/leicht\/wp-json\/wp\/v2\/types\/page"}],"author":[{"embeddable":true,"href":"https:\/\/www.lebenshilfe-ohz.de\/leicht\/wp-json\/wp\/v2\/users\/1"}],"replies":[{"embeddable":true,"href":"https:\/\/www.lebenshilfe-ohz.de\/leicht\/wp-json\/wp\/v2\/comments?post=1052"}],"version-history":[{"count":11,"href":"https:\/\/www.lebenshilfe-ohz.de\/leicht\/wp-json\/wp\/v2\/pages\/1052\/revisions"}],"predecessor-version":[{"id":1064,"href":"https:\/\/www.lebenshilfe-ohz.de\/leicht\/wp-json\/wp\/v2\/pages\/1052\/revisions\/1064"}],"wp:attachment":[{"href":"https:\/\/www.lebenshilfe-ohz.de\/leicht\/wp-json\/wp\/v2\/media?parent=1052"}],"wp:term":[{"taxonomy":"category","embeddable":true,"href":"https:\/\/www.lebenshilfe-ohz.de\/leicht\/wp-json\/wp\/v2\/categories?post=1052"}],"curies":[{"name":"wp","href":"https:\/\/api.w.org\/{rel}","templated":true}]}}