{"id":1024,"date":"2025-01-14T13:35:19","date_gmt":"2025-01-14T12:35:19","guid":{"rendered":"http:\/\/dev.lebenshilfe-ohz.de.w01ed883.kasserver.com\/karriere\/"},"modified":"2025-02-25T14:47:16","modified_gmt":"2025-02-25T13:47:16","slug":"karriere","status":"publish","type":"page","link":"https:\/\/www.lebenshilfe-ohz.de\/leicht\/karriere\/","title":{"rendered":"Karriere"},"content":{"rendered":"<section class=\"l-section wpb_row us_custom_3188818e hide_on_default hide_on_laptops height_auto\"><div class=\"l-section-h i-cf\"><div class=\"g-cols vc_row via_flex valign_top type_default stacking_default\"><div class=\"vc_col-sm-12 wpb_column vc_column_container\"><div class=\"vc_column-inner\"><div class=\"wpb_wrapper\"><div class=\"lbh-lang-switch\"><div class=\"field-wrap\" data-href=\"https:\/\/www.lebenshilfe-ohz.de\/wp-json\/wp\/v2\/pages\/1024\/\"><label for=\"lang_leicht\"><i class=\"icon icon-einfache-sprache\"><\/i>Leichte Sprache<\/label><input type=\"checkbox\" id=\"lang_leicht\" name=\"lang_leicht\" checked\/><\/div><\/div><\/div><\/div><\/div><\/div><\/div><\/section><section class=\"l-section wpb_row us_custom_19737bc8 height_custom\"><div class=\"l-section-h i-cf\"><div class=\"g-cols vc_row via_flex valign_top type_default stacking_default\"><div class=\"vc_col-sm-12 wpb_column vc_column_container\"><div class=\"vc_column-inner\"><div class=\"wpb_wrapper\"><div class=\"w-hwrapper lbh-breadcrumb valign_middle wrap align_none\"><div class=\"wpb_text_column\"><div class=\"wpb_wrapper\"><p><strong>Die Lebenshilfe Osterholz <\/strong><\/p>\n<\/div><\/div><div class=\"wpb_text_column\"><div class=\"wpb_wrapper\"><p><a href=\"#benefits\">Benefits<\/a> | <a href=\"#testimonials\">Das sagt unser Team<\/a><\/p>\n<\/div><\/div><\/div><\/div><\/div><\/div><\/div><\/div><\/section><section class=\"l-section wpb_row height_custom\"><div class=\"l-section-h i-cf\"><div class=\"g-cols vc_row via_flex valign_top type_default stacking_default\"><div class=\"vc_col-sm-12 wpb_column vc_column_container\"><div class=\"vc_column-inner\"><div class=\"wpb_wrapper\"><div class=\"lbh-heading\"><h1><span class=\"title\">Wir sind das Warum<\/span><span class=\"subtitle\">Warum deine Arbeit Sinn ergibt. F\u00fcr andere. Und dich.<\/span><\/h1><\/div><div class=\"wpb_text_column us_custom_a2fb95fb\"><div class=\"wpb_wrapper\"><p>Wir setzen uns ein. F\u00fcr mehr Vielfalt. F\u00fcr mehr Gemeinschaft. F\u00fcr mehr M\u00f6glichkeiten.<br \/>\nWir sind nicht nur ein sozialer Dienstleister. Wir sind auch ein Arbeitgeber.<br \/>\nWir wollen, dass sich unsere Mitarbeitenden wohlf\u00fchlen. Sie sollen sich weiterentwickeln und mehr erreichen.<br \/>\nDaf\u00fcr sorgen wir f\u00fcr faire Bedingungen. Wir achten auf ein gutes Miteinander. Und wir geben Raum f\u00fcr gute Ideen.<br \/>\nKomm zur Lebenshilfe Osterholz! Gemeinsam zeigen wir, dass es normal ist, verschieden zu sein.<\/p>\n<\/div><\/div><div class=\"w-btn-wrapper align_none\"><a class=\"w-btn us-btn-style_1 us_custom_173c0608\" href=\"https:\/\/www.lebenshilfe-ohz.de\/stellenangebote\/#main-content\"><span class=\"w-btn-label\">Zu unseren Jobangeboten<\/span><\/a><\/div><\/div><\/div><\/div><\/div><\/div><\/section><section class=\"l-section wpb_row height_custom\"><div class=\"l-section-h i-cf\"><div class=\"g-cols vc_row via_flex valign_top type_default stacking_default\"><div class=\"vc_col-sm-6 wpb_column vc_column_container\"><div class=\"vc_column-inner\"><div class=\"wpb_wrapper\"><div class=\"wpb_text_column us_custom_bcf7e3f8\"><div class=\"wpb_wrapper\"><h2>Was uns ausmacht<\/h2>\n<\/div><\/div><div class=\"lbh_teaserbox\"><div class=\"body\"><h3 class=\"title\">Miteinander.<\/h3><div class=\"subtitle\">Und F\u00fcreinander.<\/div><div class=\"text\">Mehr als 500 Mitarbeitende bieten soziale Dienstleistungen im Landkreis Osterholz an. Wir haben zehn Kindertagesst\u00e4tten. Wir bieten mobile Fr\u00fchf\u00f6rderung, Schulassistenzen und spannende Wohnkonzepte an. Und wir machen alles mit viel Herzblut!<\/p>\n<p>Wir unterst\u00fctzen und f\u00f6rdern Menschen mit und ohne Beeintr\u00e4chtigung jeden Alters. Wir sind ein professioneller Tr\u00e4ger in der Kinder-, Jugend- und Behindertenhilfe. Mit Wissen. Mit Erfahrung. Mit Herz. Und gerne auch mit dir.<\/div><\/div><\/div><\/div><\/div><\/div><div class=\"vc_col-sm-6 wpb_column vc_column_container\"><div class=\"vc_column-inner\"><div class=\"wpb_wrapper\"><div class=\"wpb_text_column us_custom_bcf7e3f8\"><div class=\"wpb_wrapper\"><h2>Was wir gemeinsam haben<\/h2>\n<\/div><\/div><div class=\"lbh_teaserbox\"><div class=\"body\"><h3 class=\"title\">Werte.<\/h3><div class=\"subtitle\">Und Wertsch\u00e4tzung.<\/div><div class=\"text\">Wir leben Inklusion. Auf allen Ebenen. In jeder Situation.<\/p>\n<p>Wir sorgen durch ein herzliches Miteinander, fachliche Kompetenz und ehrliche Toleranz daf\u00fcr, dass sich Menschen umsorgt und sicher f\u00fchlen. Dass sie eine echte Chance bekommen, ein vollwertiges Mitglied der Gesellschaft zu sein. Und ihre F\u00e4higkeiten, Potenziale und Ideen einbringen k\u00f6nnen.<\/p>\n<p>Auf diese Weise gestalten wir Zukunft: F\u00fcr die Menschen, die wir unterst\u00fctzen. F\u00fcr die, die bei uns arbeiten. F\u00fcr alle.<\/div><\/div><\/div><\/div><\/div><\/div><\/div><\/div><\/section><section class=\"l-section wpb_row height_custom\" id=\"benefits\"><div class=\"l-section-h i-cf\"><div class=\"g-cols vc_row via_flex valign_top type_default stacking_default\"><div class=\"vc_col-sm-12 wpb_column vc_column_container\"><div class=\"vc_column-inner\"><div class=\"wpb_wrapper\"><div class=\"lbh-heading\"><h2><span class=\"title\">Was wir bieten.<\/span><span class=\"subtitle\">Deine Vorteile bei uns.<\/span><\/h2><\/div><div class=\"wpb_text_column us_custom_0899b7cd\"><div class=\"wpb_wrapper\"><p>Bei der Lebenshilfe Osterholz erwartet dich mehr als nur ein Job \u2013 hier findest du eine Arbeitsumgebung, die dich f\u00f6rdert und unterst\u00fctzt. Wir legen gro\u00dfen Wert auf ein gutes Miteinander, bei dem Teamgeist und Wertsch\u00e4tzung an erster Stelle stehen. Du kannst dich auf zahlreiche Benefits freuen, die deinen Arbeitsalltag bereichern und dir langfristig Perspektiven bieten.<\/p>\n<\/div><\/div><div class=\"w-btn-wrapper align_none\"><a class=\"w-btn us-btn-style_1 us_custom_173c0608\" href=\"https:\/\/www.lebenshilfe-ohz.de\/benefits\/\"><span class=\"w-btn-label\">Zu unseren Benefits<\/span><\/a><\/div><\/div><\/div><\/div><\/div><\/div><\/section><section class=\"l-section wpb_row height_custom\" id=\"testimonials\"><div class=\"l-section-h i-cf\"><div class=\"g-cols vc_row via_flex valign_top type_default stacking_default\"><div class=\"vc_col-sm-12 wpb_column vc_column_container\"><div class=\"vc_column-inner\"><div class=\"wpb_wrapper\"><div class=\"lbh-heading\"><h2><span class=\"title\">Was unser Team sagt.<\/span><span class=\"subtitle\">Ehrlich. Und authentisch.<\/span><\/h2><\/div><div class=\"w-content-carousel items_1 us_custom_1461bd70\"><div class=\"owl-carousel valign_stretch dotstyle_circle navstyle_3 navpos_outside owl-responsive-2000 with_dots with_arrows\" style=\"--items-gap:30px;--transition-duration:350ms;--arrows-size:1.5rem;--arrows-offset:16px;\" onclick=\"return {&quot;aria_labels&quot;:{&quot;prev&quot;:&quot;Previous&quot;,&quot;next&quot;:&quot;Next&quot;},&quot;autoplayContinual&quot;:false,&quot;autoplayHoverPause&quot;:false,&quot;autoplayTimeout&quot;:3000,&quot;autoWidth&quot;:false,&quot;smartSpeed&quot;:350,&quot;margin&quot;:30,&quot;mouseDrag&quot;:true,&quot;rtl&quot;:false,&quot;slideBy&quot;:&quot;1&quot;,&quot;touchDrag&quot;:true,&quot;slideTransition&quot;:&quot;&quot;,&quot;responsive&quot;:{&quot;0&quot;:{&quot;autoHeight&quot;:false,&quot;autoplay&quot;:false,&quot;autoWidth&quot;:false,&quot;center&quot;:false,&quot;dots&quot;:true,&quot;items&quot;:1,&quot;loop&quot;:true,&quot;nav&quot;:true,&quot;stagePadding&quot;:0,&quot;slideBy&quot;:&quot;1&quot;},&quot;601&quot;:{&quot;autoHeight&quot;:false,&quot;autoplay&quot;:false,&quot;autoWidth&quot;:false,&quot;center&quot;:false,&quot;dots&quot;:true,&quot;items&quot;:1,&quot;loop&quot;:true,&quot;nav&quot;:true,&quot;stagePadding&quot;:0}}}\"><div class=\"w-vwrapper align_center valign_middle\"><div class=\"wpb_text_column us_custom_26f7417f\"><div class=\"wpb_wrapper\"><p style=\"text-align: center;\">\u201eIch habe mich beworben \u2013 und sofort eine R\u00fcckmeldung bekommen! Das Vorstellungsgespr\u00e4ch war so locker und vertrauensvoll, das fand ich direkt sympathisch.\u201c<\/p>\n<\/div><\/div><div class=\"wpb_text_column\"><div class=\"wpb_wrapper\"><p style=\"text-align: center;\">\u2013 T\u00fcrkan Ilkme, Recruiting<\/p>\n<\/div><\/div><\/div><div class=\"w-vwrapper align_center valign_middle\"><div class=\"wpb_text_column us_custom_26f7417f\"><div class=\"wpb_wrapper\"><p style=\"text-align: center;\">\u201eDas ist einfach eine tolle Arbeit! Ich komme seit 30 Jahren gerne hierher \u2013 das ist ein Teil von mir.\u201c<\/p>\n<\/div><\/div><div class=\"wpb_text_column\"><div class=\"wpb_wrapper\"><p style=\"text-align: center;\">\u2013 Olaf Bargemann, Gesch\u00e4ftsf\u00fchrung<\/p>\n<\/div><\/div><\/div><div class=\"w-vwrapper align_center valign_middle\"><div class=\"wpb_text_column us_custom_26f7417f\"><div class=\"wpb_wrapper\"><p style=\"text-align: center;\">\u201eDas macht einfach ein gutes Gef\u00fchl. Probleme zu l\u00f6sen. Die Dankbarkeit der Menschen zu sp\u00fcren. M\u00f6glichkeiten zu schaffen, wo andere Grenzen sehen.\u201c<\/p>\n<\/div><\/div><div class=\"wpb_text_column\"><div class=\"wpb_wrapper\"><p style=\"text-align: center;\">\u2013 Margret M\u00fcller, Verwaltungskraft<\/p>\n<\/div><\/div><\/div><div class=\"w-vwrapper align_center valign_middle\"><div class=\"wpb_text_column us_custom_26f7417f\"><div class=\"wpb_wrapper\"><p style=\"text-align: center;\">\u201eWir leisten Basisarbeit und haben eine Menge Spa\u00df daran. Hier wachsen Kinder, lernen Neues und erleben kleine Momente, die viel bedeuten. Und wir d\u00fcrfen ganz nah dran sein und sie begleiten.\u201c<\/p>\n<\/div><\/div><div class=\"wpb_text_column\"><div class=\"wpb_wrapper\"><p style=\"text-align: center;\">\u2013 Hendrik T\u00fcllmann, Kita-Leitung<\/p>\n<\/div><\/div><\/div><div class=\"w-vwrapper align_center valign_middle\"><div class=\"wpb_text_column us_custom_26f7417f\"><div class=\"wpb_wrapper\"><p style=\"text-align: center;\">\u201eDas ist ein unglaublich abwechslungsreicher Job. Kein Mensch ist wie der andere, und das Sch\u00f6ne ist: Bei uns darf man anders sein.\u201c<\/p>\n<\/div><\/div><div class=\"wpb_text_column\"><div class=\"wpb_wrapper\"><p style=\"text-align: center;\">\u2013 Josefa Willenborg-Junghans, Bereichsleitung Schulassistenzen<\/p>\n<\/div><\/div><\/div><div class=\"w-vwrapper align_center valign_middle\"><div class=\"wpb_text_column us_custom_26f7417f\"><div class=\"wpb_wrapper\"><p style=\"text-align: center;\">\u201eIch bin stolz darauf, dass es so vielen Menschen gut bei uns geht. Und dass wir immer wieder Antworten und L\u00f6sungen finden, auch auf die Herausforderungen des Systems.\u201c<\/p>\n<\/div><\/div><div class=\"wpb_text_column\"><div class=\"wpb_wrapper\"><p style=\"text-align: center;\">\u2013 Stefan Schmidt-Sonnenberg, Gesch\u00e4ftsf\u00fchrung<\/p>\n<\/div><\/div><\/div><\/div><\/div><\/div><\/div><\/div><\/div><\/div><\/section><section class=\"l-section wpb_row height_custom\"><div class=\"l-section-h i-cf\"><div class=\"g-cols vc_row via_flex valign_top type_default stacking_default\"><div class=\"vc_col-sm-12 wpb_column vc_column_container\"><div class=\"vc_column-inner\"><div class=\"wpb_wrapper\"><div class=\"lbh_teaserbox\"style=\"background-color: var(--color-hellblau-extrahell);\"><div class=\"body\"><h2 class=\"title\">Werde Teil der Lebenshilfe Osterholz<\/h2><div class=\"text\">Wir setzen uns leidenschaftlich f\u00fcr Inklusion und Teilhabe ein. Wir unterst\u00fctzen Menschen mit und ohne Beeintr\u00e4chtigung sowie deren Angeh\u00f6rige. Dabei sind Toleranz und ein respektvoller Umgang f\u00fcr uns wichtig.<\/div><div class=\"btn-wrap\"><a href=\"https:\/\/www.lebenshilfe-ohz.de\/stellenangebote\/#main-content\" class=\"w-btn us-btn-style_1\">Zu deinem neuen Job <\/a><\/div><\/div><\/div><\/div><\/div><\/div><\/div><\/div><\/section>\n","protected":false},"excerpt":{"rendered":"Leichte SpracheDie Lebenshilfe Osterholz Benefits | Das sagt unser Team Wir sind das WarumWarum deine Arbeit Sinn ergibt. F\u00fcr andere. Und dich.Wir setzen uns ein. F\u00fcr mehr Vielfalt. F\u00fcr mehr Gemeinschaft. F\u00fcr mehr M\u00f6glichkeiten. Wir sind nicht nur ein sozialer Dienstleister. Wir sind auch ein Arbeitgeber. Wir wollen, dass sich unsere Mitarbeitenden wohlf\u00fchlen. Sie sollen...","protected":false},"author":1,"featured_media":0,"parent":0,"menu_order":0,"comment_status":"closed","ping_status":"closed","template":"","meta":{"_acf_changed":false,"footnotes":""},"categories":[50],"class_list":["post-1024","page","type-page","status-publish","hentry","category-jobs-leicht"],"acf":[],"yoast_head":"<!-- This site is optimized with the Yoast SEO plugin v26.0 - https:\/\/yoast.com\/wordpress\/plugins\/seo\/ -->\n<title>Dein Job mit Sinn | Lebenshilfe-OHZ | Lebenshilfe Osterholz<\/title>\n<meta name=\"description\" content=\"Werde Teil der Lebenshilfe Osterholz! Wir suchen (M\/W\/D): Erzieher \u2713 P\u00e4dagogische Fachkr\u00e4fte \u2713 Fr\u00fchf\u00f6rderung \u2713 Schulassistenz \u2713 u.v.m. Jetzt bewerben!\" \/>\n<meta name=\"robots\" content=\"index, follow, max-snippet:-1, max-image-preview:large, max-video-preview:-1\" \/>\n<link rel=\"canonical\" href=\"https:\/\/www.lebenshilfe-ohz.de\/leicht\/karriere\/\" \/>\n<meta property=\"og:locale\" content=\"de_DE\" \/>\n<meta property=\"og:type\" content=\"article\" \/>\n<meta property=\"og:title\" content=\"Dein Job mit Sinn | Lebenshilfe-OHZ | Lebenshilfe Osterholz\" \/>\n<meta property=\"og:description\" content=\"Werde Teil der Lebenshilfe Osterholz! Wir suchen (M\/W\/D): Erzieher \u2713 P\u00e4dagogische Fachkr\u00e4fte \u2713 Fr\u00fchf\u00f6rderung \u2713 Schulassistenz \u2713 u.v.m. Jetzt bewerben!\" \/>\n<meta property=\"og:url\" content=\"https:\/\/www.lebenshilfe-ohz.de\/leicht\/karriere\/\" \/>\n<meta property=\"og:site_name\" content=\"Lebenshilfe Osterholz\" \/>\n<meta property=\"article:modified_time\" content=\"2025-02-25T13:47:16+00:00\" \/>\n<meta name=\"twitter:card\" content=\"summary_large_image\" \/>\n<meta name=\"twitter:label1\" content=\"Est. reading time\" \/>\n\t<meta name=\"twitter:data1\" content=\"4 minutes\" \/>\n<script type=\"application\/ld+json\" class=\"yoast-schema-graph\">{\"@context\":\"https:\/\/schema.org\",\"@graph\":[{\"@type\":\"WebPage\",\"@id\":\"https:\/\/www.lebenshilfe-ohz.de\/leicht\/karriere\/\",\"url\":\"https:\/\/www.lebenshilfe-ohz.de\/leicht\/karriere\/\",\"name\":\"Dein Job mit Sinn | Lebenshilfe-OHZ | Lebenshilfe Osterholz\",\"isPartOf\":{\"@id\":\"https:\/\/www.lebenshilfe-ohz.de\/#website\"},\"datePublished\":\"2025-01-14T12:35:19+00:00\",\"dateModified\":\"2025-02-25T13:47:16+00:00\",\"description\":\"Werde Teil der Lebenshilfe Osterholz! Wir suchen (M\/W\/D): Erzieher \u2713 P\u00e4dagogische Fachkr\u00e4fte \u2713 Fr\u00fchf\u00f6rderung \u2713 Schulassistenz \u2713 u.v.m. Jetzt bewerben!\",\"breadcrumb\":{\"@id\":\"https:\/\/www.lebenshilfe-ohz.de\/leicht\/karriere\/#breadcrumb\"},\"inLanguage\":\"de-LS\",\"potentialAction\":[{\"@type\":\"ReadAction\",\"target\":[\"https:\/\/www.lebenshilfe-ohz.de\/leicht\/karriere\/\"]}]},{\"@type\":\"BreadcrumbList\",\"@id\":\"https:\/\/www.lebenshilfe-ohz.de\/leicht\/karriere\/#breadcrumb\",\"itemListElement\":[{\"@type\":\"ListItem\",\"position\":1,\"name\":\"Startseite\",\"item\":\"https:\/\/www.lebenshilfe-ohz.de\/leicht\/\"},{\"@type\":\"ListItem\",\"position\":2,\"name\":\"Karriere\"}]},{\"@type\":\"WebSite\",\"@id\":\"https:\/\/www.lebenshilfe-ohz.de\/#website\",\"url\":\"https:\/\/www.lebenshilfe-ohz.de\/\",\"name\":\"Lebenshilfe Osterholz\",\"description\":\"\",\"potentialAction\":[{\"@type\":\"SearchAction\",\"target\":{\"@type\":\"EntryPoint\",\"urlTemplate\":\"https:\/\/www.lebenshilfe-ohz.de\/?s={search_term_string}\"},\"query-input\":{\"@type\":\"PropertyValueSpecification\",\"valueRequired\":true,\"valueName\":\"search_term_string\"}}],\"inLanguage\":\"de-LS\"}]}<\/script>\n<!-- \/ Yoast SEO plugin. -->","yoast_head_json":{"title":"Dein Job mit Sinn | Lebenshilfe-OHZ | Lebenshilfe Osterholz","description":"Werde Teil der Lebenshilfe Osterholz! Wir suchen (M\/W\/D): Erzieher \u2713 P\u00e4dagogische Fachkr\u00e4fte \u2713 Fr\u00fchf\u00f6rderung \u2713 Schulassistenz \u2713 u.v.m. Jetzt bewerben!","robots":{"index":"index","follow":"follow","max-snippet":"max-snippet:-1","max-image-preview":"max-image-preview:large","max-video-preview":"max-video-preview:-1"},"canonical":"https:\/\/www.lebenshilfe-ohz.de\/leicht\/karriere\/","og_locale":"de_DE","og_type":"article","og_title":"Dein Job mit Sinn | Lebenshilfe-OHZ | Lebenshilfe Osterholz","og_description":"Werde Teil der Lebenshilfe Osterholz! Wir suchen (M\/W\/D): Erzieher \u2713 P\u00e4dagogische Fachkr\u00e4fte \u2713 Fr\u00fchf\u00f6rderung \u2713 Schulassistenz \u2713 u.v.m. Jetzt bewerben!","og_url":"https:\/\/www.lebenshilfe-ohz.de\/leicht\/karriere\/","og_site_name":"Lebenshilfe Osterholz","article_modified_time":"2025-02-25T13:47:16+00:00","twitter_card":"summary_large_image","twitter_misc":{"Est. reading time":"4 minutes"},"schema":{"@context":"https:\/\/schema.org","@graph":[{"@type":"WebPage","@id":"https:\/\/www.lebenshilfe-ohz.de\/leicht\/karriere\/","url":"https:\/\/www.lebenshilfe-ohz.de\/leicht\/karriere\/","name":"Dein Job mit Sinn | Lebenshilfe-OHZ | Lebenshilfe Osterholz","isPartOf":{"@id":"https:\/\/www.lebenshilfe-ohz.de\/#website"},"datePublished":"2025-01-14T12:35:19+00:00","dateModified":"2025-02-25T13:47:16+00:00","description":"Werde Teil der Lebenshilfe Osterholz! Wir suchen (M\/W\/D): Erzieher \u2713 P\u00e4dagogische Fachkr\u00e4fte \u2713 Fr\u00fchf\u00f6rderung \u2713 Schulassistenz \u2713 u.v.m. Jetzt bewerben!","breadcrumb":{"@id":"https:\/\/www.lebenshilfe-ohz.de\/leicht\/karriere\/#breadcrumb"},"inLanguage":"de-LS","potentialAction":[{"@type":"ReadAction","target":["https:\/\/www.lebenshilfe-ohz.de\/leicht\/karriere\/"]}]},{"@type":"BreadcrumbList","@id":"https:\/\/www.lebenshilfe-ohz.de\/leicht\/karriere\/#breadcrumb","itemListElement":[{"@type":"ListItem","position":1,"name":"Startseite","item":"https:\/\/www.lebenshilfe-ohz.de\/leicht\/"},{"@type":"ListItem","position":2,"name":"Karriere"}]},{"@type":"WebSite","@id":"https:\/\/www.lebenshilfe-ohz.de\/#website","url":"https:\/\/www.lebenshilfe-ohz.de\/","name":"Lebenshilfe Osterholz","description":"","potentialAction":[{"@type":"SearchAction","target":{"@type":"EntryPoint","urlTemplate":"https:\/\/www.lebenshilfe-ohz.de\/?s={search_term_string}"},"query-input":{"@type":"PropertyValueSpecification","valueRequired":true,"valueName":"search_term_string"}}],"inLanguage":"de-LS"}]}},"_links":{"self":[{"href":"https:\/\/www.lebenshilfe-ohz.de\/leicht\/wp-json\/wp\/v2\/pages\/1024","targetHints":{"allow":["GET"]}}],"collection":[{"href":"https:\/\/www.lebenshilfe-ohz.de\/leicht\/wp-json\/wp\/v2\/pages"}],"about":[{"href":"https:\/\/www.lebenshilfe-ohz.de\/leicht\/wp-json\/wp\/v2\/types\/page"}],"author":[{"embeddable":true,"href":"https:\/\/www.lebenshilfe-ohz.de\/leicht\/wp-json\/wp\/v2\/users\/1"}],"replies":[{"embeddable":true,"href":"https:\/\/www.lebenshilfe-ohz.de\/leicht\/wp-json\/wp\/v2\/comments?post=1024"}],"version-history":[{"count":12,"href":"https:\/\/www.lebenshilfe-ohz.de\/leicht\/wp-json\/wp\/v2\/pages\/1024\/revisions"}],"predecessor-version":[{"id":1501,"href":"https:\/\/www.lebenshilfe-ohz.de\/leicht\/wp-json\/wp\/v2\/pages\/1024\/revisions\/1501"}],"wp:attachment":[{"href":"https:\/\/www.lebenshilfe-ohz.de\/leicht\/wp-json\/wp\/v2\/media?parent=1024"}],"wp:term":[{"taxonomy":"category","embeddable":true,"href":"https:\/\/www.lebenshilfe-ohz.de\/leicht\/wp-json\/wp\/v2\/categories?post=1024"}],"curies":[{"name":"wp","href":"https:\/\/api.w.org\/{rel}","templated":true}]}}